{"id":41770,"date":"2026-04-19T15:23:35","date_gmt":"2026-04-19T15:23:35","guid":{"rendered":"https:\/\/singuli.wpress.me\/index.php\/proizvod\/helix-ult-prof-ap-l-5w30-motorno-ulje-za-osobna-vozila-12x1l-12-l\/"},"modified":"2026-04-20T12:33:40","modified_gmt":"2026-04-20T12:33:40","slug":"helix-ult-prof-ap-l-5w30-motorno-ulje-za-osobna-vozila-12x1l-12-l","status":"publish","type":"product","link":"https:\/\/singuli.wpress.me\/index.php\/proizvod\/helix-ult-prof-ap-l-5w30-motorno-ulje-za-osobna-vozila-12x1l-12-l\/","title":{"rendered":"HELIX ULT. PROF AP-L 5W30 , motorno ulje za osobna vozila, 12x1l, 12\u00a0l"},"content":{"rendered":"<p>Posebno formulirano i prilago\u0111eno da udovolji potrebama pojedinih motora visokih performansi, uklju\u010duju\u0107i Peugeot i Citroen te motore koji zahtijevaju ACEA C2 specifikaciju. <\/p>\n<p>Ispunjava \u0161irok raspon testova i zadovoljava Peugeot B71 2290 specifikaciju.<\/p>\n<p><span style=\"font-weight: bold\">Specifikacija:<\/span> ACEA C2, PSA B71 2290<\/p>\n","protected":false},"excerpt":{"rendered":"<p>Prilago\u0111eno da udovolji posebnim zahtjevima proizvo\u0111a\u010da motora visokih performansi<br \/>\nIspunjava \u0161irok raspon testova<br \/>\nSpecifikacija u opisu<\/p>\n","protected":false},"featured_media":0,"template":"","meta":{"_seopress_robots_primary_cat":"","_seopress_titles_title":"","_seopress_titles_desc":"","_seopress_robots_index":"","iawp_total_views":0},"product_brand":[398],"product_cat":[243,272],"product_tag":[],"class_list":{"0":"post-41770","1":"product","2":"type-product","3":"status-publish","5":"product_brand-helix","6":"product_cat-automobili-i-motori","7":"product_cat-motorna-ulja-243","9":"first","10":"instock","11":"shipping-taxable","12":"purchasable","13":"product-type-simple"},"_links":{"self":[{"href":"https:\/\/singuli.wpress.me\/index.php\/wp-json\/wp\/v2\/product\/41770","targetHints":{"allow":["GET"]}}],"collection":[{"href":"https:\/\/singuli.wpress.me\/index.php\/wp-json\/wp\/v2\/product"}],"about":[{"href":"https:\/\/singuli.wpress.me\/index.php\/wp-json\/wp\/v2\/types\/product"}],"version-history":[{"count":0,"href":"https:\/\/singuli.wpress.me\/index.php\/wp-json\/wp\/v2\/product\/41770\/revisions"}],"wp:attachment":[{"href":"https:\/\/singuli.wpress.me\/index.php\/wp-json\/wp\/v2\/media?parent=41770"}],"wp:term":[{"taxonomy":"product_brand","embeddable":true,"href":"https:\/\/singuli.wpress.me\/index.php\/wp-json\/wp\/v2\/product_brand?post=41770"},{"taxonomy":"product_cat","embeddable":true,"href":"https:\/\/singuli.wpress.me\/index.php\/wp-json\/wp\/v2\/product_cat?post=41770"},{"taxonomy":"product_tag","embeddable":true,"href":"https:\/\/singuli.wpress.me\/index.php\/wp-json\/wp\/v2\/product_tag?post=41770"}],"curies":[{"name":"wp","href":"https:\/\/api.w.org\/{rel}","templated":true}]}}