{"id":41772,"date":"2026-04-19T15:23:36","date_gmt":"2026-04-19T15:23:36","guid":{"rendered":"https:\/\/singuli.wpress.me\/index.php\/proizvod\/lenor-professional-sensitive-omeksivac-190-pranja-4-75-l\/"},"modified":"2026-04-20T12:33:40","modified_gmt":"2026-04-20T12:33:40","slug":"lenor-professional-sensitive-omeksivac-190-pranja-4-75-l","status":"publish","type":"product","link":"https:\/\/singuli.wpress.me\/index.php\/proizvod\/lenor-professional-sensitive-omeksivac-190-pranja-4-75-l\/","title":{"rendered":"LENOR PROFESSIONAL Sensitive, omek\u0161iva\u010d, 190 pranja, 4.75\u00a0l"},"content":{"rendered":"<p>Omek\u0161iva\u010d rublja Lenor Professional omek\u0161ava i \u0161titi posteljinu superkoncentriranom formulom, koja je posebno razvijena upravo za profesionalnu upotrebu. <\/p>\n<p>Zahvaljuju\u0107i tehnologiji osloba\u0111anja mirisa, pru\u017ea va\u0161em rublju dugotrajnu svje\u017einu i nakon strojnog su\u0161enja.<\/p>\n","protected":false},"excerpt":{"rendered":"<p>Omek\u0161ava i \u0161titi posteljinu superkoncentriranom formulom<br \/>\nFormula posebno razvijena upravo za profesionalnu upotrebu<br \/>\nDermatolo\u0161ki ispitano<\/p>\n","protected":false},"featured_media":0,"template":"","meta":{"_seopress_robots_primary_cat":"","_seopress_titles_title":"","_seopress_titles_desc":"","_seopress_robots_index":"","iawp_total_views":0},"product_brand":[874],"product_cat":[283,238],"product_tag":[],"class_list":{"0":"post-41772","1":"product","2":"type-product","3":"status-publish","5":"product_brand-lenor-professional","6":"product_cat-pranje-rublja-238","7":"product_cat-sve-za-dom","9":"first","10":"outofstock","11":"shipping-taxable","12":"purchasable","13":"product-type-simple"},"_links":{"self":[{"href":"https:\/\/singuli.wpress.me\/index.php\/wp-json\/wp\/v2\/product\/41772","targetHints":{"allow":["GET"]}}],"collection":[{"href":"https:\/\/singuli.wpress.me\/index.php\/wp-json\/wp\/v2\/product"}],"about":[{"href":"https:\/\/singuli.wpress.me\/index.php\/wp-json\/wp\/v2\/types\/product"}],"version-history":[{"count":0,"href":"https:\/\/singuli.wpress.me\/index.php\/wp-json\/wp\/v2\/product\/41772\/revisions"}],"wp:attachment":[{"href":"https:\/\/singuli.wpress.me\/index.php\/wp-json\/wp\/v2\/media?parent=41772"}],"wp:term":[{"taxonomy":"product_brand","embeddable":true,"href":"https:\/\/singuli.wpress.me\/index.php\/wp-json\/wp\/v2\/product_brand?post=41772"},{"taxonomy":"product_cat","embeddable":true,"href":"https:\/\/singuli.wpress.me\/index.php\/wp-json\/wp\/v2\/product_cat?post=41772"},{"taxonomy":"product_tag","embeddable":true,"href":"https:\/\/singuli.wpress.me\/index.php\/wp-json\/wp\/v2\/product_tag?post=41772"}],"curies":[{"name":"wp","href":"https:\/\/api.w.org\/{rel}","templated":true}]}}