{"id":41773,"date":"2026-04-19T15:23:36","date_gmt":"2026-04-19T15:23:36","guid":{"rendered":"https:\/\/singuli.wpress.me\/index.php\/proizvod\/kelloggs-toppas-pahuljice-330-g\/"},"modified":"2026-04-20T12:33:40","modified_gmt":"2026-04-20T12:33:40","slug":"kelloggs-toppas-pahuljice-330-g","status":"publish","type":"product","link":"https:\/\/singuli.wpress.me\/index.php\/proizvod\/kelloggs-toppas-pahuljice-330-g\/","title":{"rendered":"KELLOGG&#8217;S Toppas, pahuljice, 330\u00a0g"},"content":{"rendered":"<p>U \u0161to vjerujemo? U Kellogg&#8217;s-u volimo doru\u010dak. Ukusna kombinacija hrskavih \u017eitarica od cjelovitog zrna s preljevom od \u0161e\u0107era.<\/p>\n<p>Za nas je to mnogo vi\u0161e od obroka. Mi strastveno vjerujemo u mo\u0107 i bolji po\u010detak dana koji proizlaze iz pravog doru\u010dka. To je prvo gorivo za na\u0161a tijela &#8211; hrani nas za danas, sutra i za \u017eivot.<\/p>\n<p>Vi\u0161e od 100 godina radimo na tome da slu\u017eimo svijetu bolji doru\u010dak.<\/p>\n<p>Bilo da se radi o stvaranju \u017eitarica poput kukuruznih pahuljica i specijalnog K ili na\u0161ih novijih pi\u0107a za doru\u010dak, \u017eelimo da svatko ima prednost koja mo\u017ee do\u0107i od doru\u010dka.<\/p>\n<p>Znamo da je po\u010detak dana s vama privilegija, pa \u0107emo i dalje \u010diniti sve da zaradimo mjesto za va\u0161im stolom svakog jutra.<\/p>\n<p>Vidimo se na doru\u010dku.<\/p>\n","protected":false},"excerpt":{"rendered":"<p>Hrskave \u017eitarice<br \/>\nPreljev od \u0161e\u0107era<br \/>\nTradicija vi\u0161e od 100 godina<\/p>\n","protected":false},"featured_media":0,"template":"","meta":{"_seopress_robots_primary_cat":"","_seopress_titles_title":"","_seopress_titles_desc":"","_seopress_robots_index":"","iawp_total_views":0},"product_brand":[425],"product_cat":[261,307],"product_tag":[],"class_list":{"0":"post-41773","1":"product","2":"type-product","3":"status-publish","5":"product_brand-kelloggs","6":"product_cat-hrana-i-pice","7":"product_cat-zitarice-i-dorucak-261","9":"first","10":"outofstock","11":"shipping-taxable","12":"purchasable","13":"product-type-simple"},"_links":{"self":[{"href":"https:\/\/singuli.wpress.me\/index.php\/wp-json\/wp\/v2\/product\/41773","targetHints":{"allow":["GET"]}}],"collection":[{"href":"https:\/\/singuli.wpress.me\/index.php\/wp-json\/wp\/v2\/product"}],"about":[{"href":"https:\/\/singuli.wpress.me\/index.php\/wp-json\/wp\/v2\/types\/product"}],"version-history":[{"count":0,"href":"https:\/\/singuli.wpress.me\/index.php\/wp-json\/wp\/v2\/product\/41773\/revisions"}],"wp:attachment":[{"href":"https:\/\/singuli.wpress.me\/index.php\/wp-json\/wp\/v2\/media?parent=41773"}],"wp:term":[{"taxonomy":"product_brand","embeddable":true,"href":"https:\/\/singuli.wpress.me\/index.php\/wp-json\/wp\/v2\/product_brand?post=41773"},{"taxonomy":"product_cat","embeddable":true,"href":"https:\/\/singuli.wpress.me\/index.php\/wp-json\/wp\/v2\/product_cat?post=41773"},{"taxonomy":"product_tag","embeddable":true,"href":"https:\/\/singuli.wpress.me\/index.php\/wp-json\/wp\/v2\/product_tag?post=41773"}],"curies":[{"name":"wp","href":"https:\/\/api.w.org\/{rel}","templated":true}]}}