{"id":41774,"date":"2026-04-19T15:23:36","date_gmt":"2026-04-19T15:23:36","guid":{"rendered":"https:\/\/singuli.wpress.me\/index.php\/proizvod\/laica-big-firenze-vrc-menta\/"},"modified":"2026-04-20T12:33:40","modified_gmt":"2026-04-20T12:33:40","slug":"laica-big-firenze-vrc-menta","status":"publish","type":"product","link":"https:\/\/singuli.wpress.me\/index.php\/proizvod\/laica-big-firenze-vrc-menta\/","title":{"rendered":"LAICA Big Firenze, vr\u010d, menta"},"content":{"rendered":"<p>Ve\u0107 vi\u0161e od dvadeset godina Laica posve\u0107uje veliku pa\u017enju istra\u017eivanju i razvoju novih proizvoda. Jedna je od prvih tvrtki u Italiji koja je razvila sustav za filtriranje vode sa znanstvenim pristupom. <\/p>\n<p>Predstavlja jednostavan, siguran i tehnolo\u0161ki napredan sustav za filtriranje za pobolj\u0161anje kvalitete vode iz slavine.<\/p>\n","protected":false},"excerpt":{"rendered":"<p>Ergonomska dr\u0161ka<br \/>\nMehani\u010dki indikator zamjene filtera<br \/>\nDodatno prilo\u017een bi-flux filter.<\/p>\n","protected":false},"featured_media":0,"template":"","meta":{"_seopress_robots_primary_cat":"","_seopress_titles_title":"","_seopress_titles_desc":"","_seopress_robots_index":"","iawp_total_views":0},"product_brand":[148],"product_cat":[274,238],"product_tag":[],"class_list":{"0":"post-41774","1":"product","2":"type-product","3":"status-publish","5":"product_brand-laica","6":"product_cat-kucanski-pribor-238","7":"product_cat-sve-za-dom","9":"first","10":"outofstock","11":"shipping-taxable","12":"purchasable","13":"product-type-simple"},"_links":{"self":[{"href":"https:\/\/singuli.wpress.me\/index.php\/wp-json\/wp\/v2\/product\/41774","targetHints":{"allow":["GET"]}}],"collection":[{"href":"https:\/\/singuli.wpress.me\/index.php\/wp-json\/wp\/v2\/product"}],"about":[{"href":"https:\/\/singuli.wpress.me\/index.php\/wp-json\/wp\/v2\/types\/product"}],"version-history":[{"count":0,"href":"https:\/\/singuli.wpress.me\/index.php\/wp-json\/wp\/v2\/product\/41774\/revisions"}],"wp:attachment":[{"href":"https:\/\/singuli.wpress.me\/index.php\/wp-json\/wp\/v2\/media?parent=41774"}],"wp:term":[{"taxonomy":"product_brand","embeddable":true,"href":"https:\/\/singuli.wpress.me\/index.php\/wp-json\/wp\/v2\/product_brand?post=41774"},{"taxonomy":"product_cat","embeddable":true,"href":"https:\/\/singuli.wpress.me\/index.php\/wp-json\/wp\/v2\/product_cat?post=41774"},{"taxonomy":"product_tag","embeddable":true,"href":"https:\/\/singuli.wpress.me\/index.php\/wp-json\/wp\/v2\/product_tag?post=41774"}],"curies":[{"name":"wp","href":"https:\/\/api.w.org\/{rel}","templated":true}]}}