{"id":41775,"date":"2026-04-19T15:23:36","date_gmt":"2026-04-19T15:23:36","guid":{"rendered":"https:\/\/singuli.wpress.me\/index.php\/proizvod\/gillette-mach3-start-brijac-s-zamjenskim-britvicama-3-kom\/"},"modified":"2026-04-20T12:33:40","modified_gmt":"2026-04-20T12:33:40","slug":"gillette-mach3-start-brijac-s-zamjenskim-britvicama-3-kom","status":"publish","type":"product","link":"https:\/\/singuli.wpress.me\/index.php\/proizvod\/gillette-mach3-start-brijac-s-zamjenskim-britvicama-3-kom\/","title":{"rendered":"GILLETTE Mach3 Start, brija\u010d s zamjenskim britvicama, 3\u00a0kom"},"content":{"rendered":"<p>Zamjenske britvice Gillette Mach3 Start za mu\u0161karce omogu\u0107uju temeljitije brijanje sa zna\u010dajno manje crvenila te su ugodnije za ko\u017eu \u010dak i nakon 10. brijanja nego jednokratne britvice pri prvom brijanju (u usporedbi s jednokratnom britvicom Gillette BlueII Plus). <\/p>\n<p>Svaka zamjenska britvica ima 3 o\u0161trice DuraComfort koje osiguravaju dugotrajnu ugodnost i geliranu trakicu koja lijepo klizi po ko\u017ei poma\u017eu\u0107i u za\u0161titi ko\u017ee od crvenila. <\/p>\n<p>Ove zamjenske britvice Mach3 Start kompatibilne su sa svim dr\u0161kama brija\u010da Mach3. <\/p>\n","protected":false},"excerpt":{"rendered":"<p>Trakica s gelom poma\u017ee za\u0161tititi ko\u017eu od crvenila<br \/>\nUgodnije \u010dak i pri 10. brijanju nego Gillette BlueII Plus pri prvom<br \/>\nZamjenska britvica ima 3 o\u0161trice DuraComfort koje osiguravaju dugotrajnu ugodnost<\/p>\n","protected":false},"featured_media":0,"template":"","meta":{"_seopress_robots_primary_cat":"","_seopress_titles_title":"","_seopress_titles_desc":"","_seopress_robots_index":"","iawp_total_views":0},"product_brand":[323],"product_cat":[280,192,279],"product_tag":[],"class_list":{"0":"post-41775","1":"product","2":"type-product","3":"status-publish","5":"product_brand-gillette","6":"product_cat-aparati-za-muskarce-279","7":"product_cat-aparati-za-osobnu-njegu","8":"product_cat-brijanje-i-sisanje-192","10":"first","11":"outofstock","12":"shipping-taxable","13":"purchasable","14":"product-type-simple"},"_links":{"self":[{"href":"https:\/\/singuli.wpress.me\/index.php\/wp-json\/wp\/v2\/product\/41775","targetHints":{"allow":["GET"]}}],"collection":[{"href":"https:\/\/singuli.wpress.me\/index.php\/wp-json\/wp\/v2\/product"}],"about":[{"href":"https:\/\/singuli.wpress.me\/index.php\/wp-json\/wp\/v2\/types\/product"}],"version-history":[{"count":0,"href":"https:\/\/singuli.wpress.me\/index.php\/wp-json\/wp\/v2\/product\/41775\/revisions"}],"wp:attachment":[{"href":"https:\/\/singuli.wpress.me\/index.php\/wp-json\/wp\/v2\/media?parent=41775"}],"wp:term":[{"taxonomy":"product_brand","embeddable":true,"href":"https:\/\/singuli.wpress.me\/index.php\/wp-json\/wp\/v2\/product_brand?post=41775"},{"taxonomy":"product_cat","embeddable":true,"href":"https:\/\/singuli.wpress.me\/index.php\/wp-json\/wp\/v2\/product_cat?post=41775"},{"taxonomy":"product_tag","embeddable":true,"href":"https:\/\/singuli.wpress.me\/index.php\/wp-json\/wp\/v2\/product_tag?post=41775"}],"curies":[{"name":"wp","href":"https:\/\/api.w.org\/{rel}","templated":true}]}}