{"id":41780,"date":"2026-04-19T15:23:38","date_gmt":"2026-04-19T15:23:38","guid":{"rendered":"https:\/\/singuli.wpress.me\/index.php\/proizvod\/braun-combipack-32s-zamjenska-glava-za-elektricni-brijac\/"},"modified":"2026-04-20T12:33:40","modified_gmt":"2026-04-20T12:33:40","slug":"braun-combipack-32s-zamjenska-glava-za-elektricni-brijac","status":"publish","type":"product","link":"https:\/\/singuli.wpress.me\/index.php\/proizvod\/braun-combipack-32s-zamjenska-glava-za-elektricni-brijac\/","title":{"rendered":"BRAUN Combipack 32s, zamjenska glava za elektri\u010dni brija\u010d"},"content":{"rendered":"<p>Braunov brija\u0107i aparat u prosjeku u 18 mjeseci podre\u017ee 6.000.000 dla\u010dica. To mo\u017ee dovesti do prirodnog tro\u0161enja dijelova glave zadu\u017eenih za podrezivanje. Kako bi va\u0161e brijanje i dalje ostalo na najvi\u0161oj razini, Braun preporu\u010duje zamjenu brija\u0107e glave svakih 18 mjeseci.<\/p>\n","protected":false},"excerpt":{"rendered":"<p>Zamijenite svakih 18 mjeseci<br \/>\nNova brija\u0107a glava lako se postavlja<br \/>\nBrija\u0107a glava ima 3 o\u0161trice i 1 mikro\u010de\u0161lji\u0107<\/p>\n","protected":false},"featured_media":0,"template":"","meta":{"_seopress_robots_primary_cat":"","_seopress_titles_title":"","_seopress_titles_desc":"","_seopress_robots_index":"","iawp_total_views":0},"product_brand":[144],"product_cat":[280,192,279],"product_tag":[],"class_list":{"0":"post-41780","1":"product","2":"type-product","3":"status-publish","5":"product_brand-braun","6":"product_cat-aparati-za-muskarce-279","7":"product_cat-aparati-za-osobnu-njegu","8":"product_cat-brijanje-i-sisanje-192","10":"first","11":"outofstock","12":"shipping-taxable","13":"purchasable","14":"product-type-simple"},"_links":{"self":[{"href":"https:\/\/singuli.wpress.me\/index.php\/wp-json\/wp\/v2\/product\/41780","targetHints":{"allow":["GET"]}}],"collection":[{"href":"https:\/\/singuli.wpress.me\/index.php\/wp-json\/wp\/v2\/product"}],"about":[{"href":"https:\/\/singuli.wpress.me\/index.php\/wp-json\/wp\/v2\/types\/product"}],"version-history":[{"count":0,"href":"https:\/\/singuli.wpress.me\/index.php\/wp-json\/wp\/v2\/product\/41780\/revisions"}],"wp:attachment":[{"href":"https:\/\/singuli.wpress.me\/index.php\/wp-json\/wp\/v2\/media?parent=41780"}],"wp:term":[{"taxonomy":"product_brand","embeddable":true,"href":"https:\/\/singuli.wpress.me\/index.php\/wp-json\/wp\/v2\/product_brand?post=41780"},{"taxonomy":"product_cat","embeddable":true,"href":"https:\/\/singuli.wpress.me\/index.php\/wp-json\/wp\/v2\/product_cat?post=41780"},{"taxonomy":"product_tag","embeddable":true,"href":"https:\/\/singuli.wpress.me\/index.php\/wp-json\/wp\/v2\/product_tag?post=41780"}],"curies":[{"name":"wp","href":"https:\/\/api.w.org\/{rel}","templated":true}]}}