{"id":41785,"date":"2026-04-19T15:23:41","date_gmt":"2026-04-19T15:23:41","guid":{"rendered":"https:\/\/singuli.wpress.me\/index.php\/proizvod\/3c4g-carapice-u-kolacicu-3-pack\/"},"modified":"2026-04-20T00:25:42","modified_gmt":"2026-04-20T00:25:42","slug":"3c4g-carapice-u-kolacicu-3-pack","status":"publish","type":"product","link":"https:\/\/singuli.wpress.me\/index.php\/proizvod\/3c4g-carapice-u-kolacicu-3-pack\/","title":{"rendered":"3C4G, \u010darapice u kola\u010di\u0107u, 3 pack"},"content":{"rendered":"<p>Najsla\u0111e \u010darapice koje \u0107e\u0161 ikada vidjeti!<\/p>\n<p>Uzmi svoju ko\u0161aricu s kola\u010di\u0107ima i ponesi \u010darapice sa sobom.<\/p>\n<p>3 para super udobnih \u010darapica sa pomponima i ekstra &quot;posipanjem&quot;.<\/p>\n<p>3 para super modernih \u010darapica u obliku kola\u010di\u0107a , za tebe ili prijateljici za poklon!<\/p>\n<p>Perivo u perilici. <\/p>\n<p>Dob: 6+<\/p>\n","protected":false},"excerpt":{"rendered":"<p>3 para super udobnih i modernih \u010darapica<br \/>\n\u010carapice perive u perilici<br \/>\nDob: 6+<\/p>\n","protected":false},"featured_media":0,"template":"","meta":{"_seopress_robots_primary_cat":"","_seopress_titles_title":"","_seopress_titles_desc":"","_seopress_robots_index":"","iawp_total_views":0},"product_brand":[761],"product_cat":[274,238],"product_tag":[],"class_list":{"0":"post-41785","1":"product","2":"type-product","3":"status-publish","5":"product_brand-3c4g","6":"product_cat-kucanski-pribor-238","7":"product_cat-sve-za-dom","9":"first","10":"instock","11":"shipping-taxable","12":"purchasable","13":"product-type-simple"},"_links":{"self":[{"href":"https:\/\/singuli.wpress.me\/index.php\/wp-json\/wp\/v2\/product\/41785","targetHints":{"allow":["GET"]}}],"collection":[{"href":"https:\/\/singuli.wpress.me\/index.php\/wp-json\/wp\/v2\/product"}],"about":[{"href":"https:\/\/singuli.wpress.me\/index.php\/wp-json\/wp\/v2\/types\/product"}],"version-history":[{"count":0,"href":"https:\/\/singuli.wpress.me\/index.php\/wp-json\/wp\/v2\/product\/41785\/revisions"}],"wp:attachment":[{"href":"https:\/\/singuli.wpress.me\/index.php\/wp-json\/wp\/v2\/media?parent=41785"}],"wp:term":[{"taxonomy":"product_brand","embeddable":true,"href":"https:\/\/singuli.wpress.me\/index.php\/wp-json\/wp\/v2\/product_brand?post=41785"},{"taxonomy":"product_cat","embeddable":true,"href":"https:\/\/singuli.wpress.me\/index.php\/wp-json\/wp\/v2\/product_cat?post=41785"},{"taxonomy":"product_tag","embeddable":true,"href":"https:\/\/singuli.wpress.me\/index.php\/wp-json\/wp\/v2\/product_tag?post=41785"}],"curies":[{"name":"wp","href":"https:\/\/api.w.org\/{rel}","templated":true}]}}