{"id":41787,"date":"2026-04-19T15:23:42","date_gmt":"2026-04-19T15:23:42","guid":{"rendered":"https:\/\/singuli.wpress.me\/index.php\/proizvod\/bison-ljepilo-za-metal-10-ml\/"},"modified":"2026-04-20T12:33:40","modified_gmt":"2026-04-20T12:33:40","slug":"bison-ljepilo-za-metal-10-ml","status":"publish","type":"product","link":"https:\/\/singuli.wpress.me\/index.php\/proizvod\/bison-ljepilo-za-metal-10-ml\/","title":{"rendered":"BISON, ljepilo, za metal, 10\u00a0ml"},"content":{"rendered":"<p>Teku\u0107e ljepilo za u\u010dvr\u0161\u0107ivanje metalnih vijaka i matica.<\/p>\n<p>U\u010dvr\u0161\u0107uje vijke, matice i vijke s glavom koje se kasnije moraju mo\u0107i odviti. Brtvi navoje vijaka i \u0161titi ih od hr\u0111e. <\/p>\n<p>Nije prikladno za primjene sa sinteti\u010dkim materijalima i drvom.<\/p>\n<p>Uvjeti skladi\u0161tenja: \u010cuvajte na suhom i hladnom mjestu na kojem ne dolazi do smrzavanja.<\/p>\n","protected":false},"excerpt":{"rendered":"<p>Otporno na udarce<br \/>\nOtporno na vibracije<br \/>\nTeku\u0107e ljepilo za metal<\/p>\n","protected":false},"featured_media":0,"template":"","meta":{"_seopress_robots_primary_cat":"","_seopress_titles_title":"","_seopress_titles_desc":"","_seopress_robots_index":"","iawp_total_views":0},"product_brand":[494],"product_cat":[264,238],"product_tag":[],"class_list":{"0":"post-41787","1":"product","2":"type-product","3":"status-publish","5":"product_brand-bison","6":"product_cat-ljepila-i-brtvila-238","7":"product_cat-sve-za-dom","9":"first","10":"instock","11":"shipping-taxable","12":"purchasable","13":"product-type-simple"},"_links":{"self":[{"href":"https:\/\/singuli.wpress.me\/index.php\/wp-json\/wp\/v2\/product\/41787","targetHints":{"allow":["GET"]}}],"collection":[{"href":"https:\/\/singuli.wpress.me\/index.php\/wp-json\/wp\/v2\/product"}],"about":[{"href":"https:\/\/singuli.wpress.me\/index.php\/wp-json\/wp\/v2\/types\/product"}],"version-history":[{"count":0,"href":"https:\/\/singuli.wpress.me\/index.php\/wp-json\/wp\/v2\/product\/41787\/revisions"}],"wp:attachment":[{"href":"https:\/\/singuli.wpress.me\/index.php\/wp-json\/wp\/v2\/media?parent=41787"}],"wp:term":[{"taxonomy":"product_brand","embeddable":true,"href":"https:\/\/singuli.wpress.me\/index.php\/wp-json\/wp\/v2\/product_brand?post=41787"},{"taxonomy":"product_cat","embeddable":true,"href":"https:\/\/singuli.wpress.me\/index.php\/wp-json\/wp\/v2\/product_cat?post=41787"},{"taxonomy":"product_tag","embeddable":true,"href":"https:\/\/singuli.wpress.me\/index.php\/wp-json\/wp\/v2\/product_tag?post=41787"}],"curies":[{"name":"wp","href":"https:\/\/api.w.org\/{rel}","templated":true}]}}