{"id":41790,"date":"2026-04-19T15:23:44","date_gmt":"2026-04-19T15:23:44","guid":{"rendered":"https:\/\/singuli.wpress.me\/index.php\/proizvod\/twistshake-duda-pastel-plava-i-siva-2x0-6m\/"},"modified":"2026-04-21T00:27:12","modified_gmt":"2026-04-21T00:27:12","slug":"twistshake-duda-pastel-plava-i-siva-2x0-6m","status":"publish","type":"product","link":"https:\/\/singuli.wpress.me\/index.php\/proizvod\/twistshake-duda-pastel-plava-i-siva-2x0-6m\/","title":{"rendered":"TWISTSHAKE, duda, pastel plava i siva, 2&#215;0-6m"},"content":{"rendered":"<p> Sigurna i elegantna duda varalica ortodontskog oblika za zdravi razvoj zuba s otvorima za zrak kojima se sprje\u010dava nastanak vla\u017ene i nadra\u017eene ko\u017ee. Sve Twistshake dude su bez BPA! Za djecu od 6+ m.<\/p>\n","protected":false},"excerpt":{"rendered":"<p>Za djecu od 0-6 mjeseci<br \/>\nDudica je dizajnirana tako da se prilagodi svakoj bebi<br \/>\nSupermekan silikon, visoke kvalitete<\/p>\n","protected":false},"featured_media":0,"template":"","meta":{"_seopress_robots_primary_cat":"","_seopress_titles_title":"","_seopress_titles_desc":"","_seopress_robots_index":"","iawp_total_views":0},"product_brand":[433],"product_cat":[211,286,287],"product_tag":[],"class_list":{"0":"post-41790","1":"product","2":"type-product","3":"status-publish","5":"product_brand-twistshake","6":"product_cat-njega-majke-i-djeteta","7":"product_cat-oprema-za-bebe-211","8":"product_cat-za-bebe-286","10":"first","11":"outofstock","12":"shipping-taxable","13":"purchasable","14":"product-type-simple"},"_links":{"self":[{"href":"https:\/\/singuli.wpress.me\/index.php\/wp-json\/wp\/v2\/product\/41790","targetHints":{"allow":["GET"]}}],"collection":[{"href":"https:\/\/singuli.wpress.me\/index.php\/wp-json\/wp\/v2\/product"}],"about":[{"href":"https:\/\/singuli.wpress.me\/index.php\/wp-json\/wp\/v2\/types\/product"}],"version-history":[{"count":0,"href":"https:\/\/singuli.wpress.me\/index.php\/wp-json\/wp\/v2\/product\/41790\/revisions"}],"wp:attachment":[{"href":"https:\/\/singuli.wpress.me\/index.php\/wp-json\/wp\/v2\/media?parent=41790"}],"wp:term":[{"taxonomy":"product_brand","embeddable":true,"href":"https:\/\/singuli.wpress.me\/index.php\/wp-json\/wp\/v2\/product_brand?post=41790"},{"taxonomy":"product_cat","embeddable":true,"href":"https:\/\/singuli.wpress.me\/index.php\/wp-json\/wp\/v2\/product_cat?post=41790"},{"taxonomy":"product_tag","embeddable":true,"href":"https:\/\/singuli.wpress.me\/index.php\/wp-json\/wp\/v2\/product_tag?post=41790"}],"curies":[{"name":"wp","href":"https:\/\/api.w.org\/{rel}","templated":true}]}}