{"id":41792,"date":"2026-04-19T15:23:45","date_gmt":"2026-04-19T15:23:45","guid":{"rendered":"https:\/\/singuli.wpress.me\/index.php\/proizvod\/tomy-drustvena-igra-sasava-bakica\/"},"modified":"2026-04-20T12:33:40","modified_gmt":"2026-04-20T12:33:40","slug":"tomy-drustvena-igra-sasava-bakica","status":"publish","type":"product","link":"https:\/\/singuli.wpress.me\/index.php\/proizvod\/tomy-drustvena-igra-sasava-bakica\/","title":{"rendered":"TOMY, dru\u0161tvena igra, \u0161a\u0161ava bakica"},"content":{"rendered":"<p>Pritisni prekida\u010d iznad glave bakice i gledaj kako joj se vrte o\u010di.<\/p>\n<p>Prilo\u017eene karte poslo\u017ei na tri mogu\u0107a na\u010dina: okrenuta prema gore da ih vidi\u0161, prema dolje da ih ne vidi\u0161 ili pomije\u0161ane.<\/p>\n<p>Prona\u0111i karticu koja odgovara kombinaciji o\u010diju koje pokazuje bakica.<\/p>\n<p>Tko prvi prona\u0111e karticu uzima nov\u010di\u0107 s brojem bodova.<\/p>\n<p>Pogodi \u0161to vi\u0161e kombinacija i osvoji najvi\u0161e bodova, te budi pobjednik! <\/p>\n","protected":false},"excerpt":{"rendered":"<p>zabavna dru\u0161tvena igra<br \/>\nKarte mogu\u0107e poslo\u017eiti na tri na\u010dina<br \/>\nTko osvoji najvi\u0161e bodova je pobjednik<\/p>\n","protected":false},"featured_media":0,"template":"","meta":{"_seopress_robots_primary_cat":"","_seopress_titles_title":"","_seopress_titles_desc":"","_seopress_robots_index":"","iawp_total_views":0},"product_brand":[487],"product_cat":[290,221],"product_tag":[],"class_list":{"0":"post-41792","1":"product","2":"type-product","3":"status-publish","5":"product_brand-tomy","6":"product_cat-drustvene-igre-221","7":"product_cat-igracke","9":"first","10":"instock","11":"shipping-taxable","12":"purchasable","13":"product-type-simple"},"_links":{"self":[{"href":"https:\/\/singuli.wpress.me\/index.php\/wp-json\/wp\/v2\/product\/41792","targetHints":{"allow":["GET"]}}],"collection":[{"href":"https:\/\/singuli.wpress.me\/index.php\/wp-json\/wp\/v2\/product"}],"about":[{"href":"https:\/\/singuli.wpress.me\/index.php\/wp-json\/wp\/v2\/types\/product"}],"version-history":[{"count":0,"href":"https:\/\/singuli.wpress.me\/index.php\/wp-json\/wp\/v2\/product\/41792\/revisions"}],"wp:attachment":[{"href":"https:\/\/singuli.wpress.me\/index.php\/wp-json\/wp\/v2\/media?parent=41792"}],"wp:term":[{"taxonomy":"product_brand","embeddable":true,"href":"https:\/\/singuli.wpress.me\/index.php\/wp-json\/wp\/v2\/product_brand?post=41792"},{"taxonomy":"product_cat","embeddable":true,"href":"https:\/\/singuli.wpress.me\/index.php\/wp-json\/wp\/v2\/product_cat?post=41792"},{"taxonomy":"product_tag","embeddable":true,"href":"https:\/\/singuli.wpress.me\/index.php\/wp-json\/wp\/v2\/product_tag?post=41792"}],"curies":[{"name":"wp","href":"https:\/\/api.w.org\/{rel}","templated":true}]}}