{"id":41794,"date":"2026-04-19T15:23:47","date_gmt":"2026-04-19T15:23:47","guid":{"rendered":"https:\/\/singuli.wpress.me\/index.php\/proizvod\/hot-wheels-kamion-i-trkaca-staza-2u1\/"},"modified":"2026-04-21T00:27:12","modified_gmt":"2026-04-21T00:27:12","slug":"hot-wheels-kamion-i-trkaca-staza-2u1","status":"publish","type":"product","link":"https:\/\/singuli.wpress.me\/index.php\/proizvod\/hot-wheels-kamion-i-trkaca-staza-2u1\/","title":{"rendered":"HOT WHEELS, kamion i trka\u010da staza, 2u1"},"content":{"rendered":"<p>Ovaj Hot Wheels 2 u 1 kamion povezuje spremanje auti\u0107a i utrkivanje u jedno.<br \/>\nKamion mo\u017ee spremiti vi\u0161e od 20 auti\u0107a, a kada se otka\u010di sa stra\u017enje strane, kamion postaje trka\u0107a staza duga\u010dka vi\u0161e od 2 m!<br \/>\nNeiskori\u0161teni auti\u0107i ostaju vidljivi ispod staze, a kabina kamiona postaje lansirna rampa s kojom se mogu lansirati istodobno 2 auti\u0107a za me\u0111usobno utrkivanje.<br \/>\nKamion dolazi u setu s 3 Hot Wheels auti\u0107a 1:64.<br \/>\nDjeca od 4 do 8 godina u\u017eivat \u0107e u igri s ovim kamionom, a ovaj set mo\u017ee biti odli\u010dan poklon za one koji ulaze u svijet Hot Wheelsa ili tra\u017ee spremi\u0161te za svoju kolekciju auti\u0107a.<\/p>\n","protected":false},"excerpt":{"rendered":"<p>kamion mo\u017ee spremiti vi\u0161e od 20 auti\u0107a<br \/>\nKamion dolazi u setu s 3 Hot Wheels auti\u0107a 1:64<br \/>\nPovezuje spremanje auti\u0107a i utrkivanje u jedno<\/p>\n","protected":false},"featured_media":0,"template":"","meta":{"_seopress_robots_primary_cat":"","_seopress_titles_title":"","_seopress_titles_desc":"","_seopress_robots_index":"","iawp_total_views":0},"product_brand":[429],"product_cat":[221,291],"product_tag":[],"class_list":{"0":"post-41794","1":"product","2":"type-product","3":"status-publish","5":"product_brand-hot-wheels","6":"product_cat-igracke","7":"product_cat-igracke-za-djecu-221","9":"first","10":"outofstock","11":"shipping-taxable","12":"purchasable","13":"product-type-simple"},"_links":{"self":[{"href":"https:\/\/singuli.wpress.me\/index.php\/wp-json\/wp\/v2\/product\/41794","targetHints":{"allow":["GET"]}}],"collection":[{"href":"https:\/\/singuli.wpress.me\/index.php\/wp-json\/wp\/v2\/product"}],"about":[{"href":"https:\/\/singuli.wpress.me\/index.php\/wp-json\/wp\/v2\/types\/product"}],"version-history":[{"count":0,"href":"https:\/\/singuli.wpress.me\/index.php\/wp-json\/wp\/v2\/product\/41794\/revisions"}],"wp:attachment":[{"href":"https:\/\/singuli.wpress.me\/index.php\/wp-json\/wp\/v2\/media?parent=41794"}],"wp:term":[{"taxonomy":"product_brand","embeddable":true,"href":"https:\/\/singuli.wpress.me\/index.php\/wp-json\/wp\/v2\/product_brand?post=41794"},{"taxonomy":"product_cat","embeddable":true,"href":"https:\/\/singuli.wpress.me\/index.php\/wp-json\/wp\/v2\/product_cat?post=41794"},{"taxonomy":"product_tag","embeddable":true,"href":"https:\/\/singuli.wpress.me\/index.php\/wp-json\/wp\/v2\/product_tag?post=41794"}],"curies":[{"name":"wp","href":"https:\/\/api.w.org\/{rel}","templated":true}]}}