{"id":41796,"date":"2026-04-19T15:23:48","date_gmt":"2026-04-19T15:23:48","guid":{"rendered":"https:\/\/singuli.wpress.me\/index.php\/proizvod\/ariel-color-kapsule-za-pranje-rublja-63-pranja\/"},"modified":"2026-04-20T12:33:40","modified_gmt":"2026-04-20T12:33:40","slug":"ariel-color-kapsule-za-pranje-rublja-63-pranja","status":"publish","type":"product","link":"https:\/\/singuli.wpress.me\/index.php\/proizvod\/ariel-color-kapsule-za-pranje-rublja-63-pranja\/","title":{"rendered":"ARIEL Color, kapsule za pranje rublja, 63 pranja"},"content":{"rendered":"<\/p>\n<p><span style=\"font-weight: bold\">Ariel<\/span>, brend koji preporu\u010duju Whirlpool, Electrolux, Candy i Beko, predstavlja kapsule deterd\u017eenta za pranje rublja Ariel All-in-1 PODS Color koje pru\u017eaju briljantno uklanjanje mrlja \u010dak i pri pranju na ni\u017eim temperaturama. Osmi\u0161ljene su za pranje na niskim temperaturama, s jedinstvenim tehnologijama poput tehnologije Cool Clean. <\/p>\n<p>\u0160tovi\u0161e, tablete za pranje Ariel sada mogu pridonijeti i smanjenju plasti\u010dnog otpada zahvaljuju\u0107i kartonskoj kutiji ECOCLIC koja se mo\u017ee reciklirati! Sadr\u017ei maksimalno samo 5% plastike i osmi\u0161ljena je za o\u010duvanje kapsula PODS. <\/p>\n<p>U dodiru s vodom omot kapsula PODS koji je 100% topiv u vodi potpuno se rastapa i osloba\u0111a sna\u017ene tehnologije za uklanjanje mrlja, za dubinsko i sna\u017eno \u010di\u0161\u0107enje kapsulama Ariel All-in-1 PODS Color.<\/p>\n<p><span style=\"font-weight: bold\">Sigurnosno upozorenje:<\/span><\/p>\n<p><img decoding=\"async\" src=\"https:\/\/prod-minio-orbico.nd0.pl\/orbico.ohr\/Piktogrami\/Nagrizujuce.png\" alt=\"Nagrizajuce\" style=\"max-width: 10%;height: auto\"><\/p>\n<\/p>\n<p>Opasnost<\/p>\n<p>&#8211; H318 &#8211; Uzrokuje te\u0161ke ozljede oka<\/p>\n<p>&#8211; H315 &#8211; Nadra\u017euje ko\u017eu<\/p>\n<p>&#8211; H412 &#8211; \u0160tetno za vodeni okoli\u0161 s dugotrajnim u\u010dincima<\/p>\n<p>&#8211; P102 &#8211; \u010cuvati izvan dohvata djece<\/p>\n<p>&#8211; P305+P351+P338 &#8211; U SLU\u010cAJU DODIRA S O\u010cIMA: oprezno ispirati vodom nekoliko minuta. Ukloniti kontaktne le\u0107e ako ih nosite i ako se one lako uklanjaju. Nastaviti ispirati.<\/p>\n<p>&#8211; P301+P330+P331 &#8211; AKO SE PROGUTA: isprati usta. NE izazivati povra\u0107anje<\/p>\n<p>&#8211; P302 &#8211; U SLU\u010cAJU DODIRA S KO\u017dOM: Odmah skinuti svu zaga\u0111enu odje\u0107u<\/p>\n<p>&#8211; P352 &#8211; Oprati velikom koli\u010dinom vode.<\/p>\n<p>&#8211; P310 &#8211; Odmah nazvati CENTAR ZA KONTROLU OTROVANJA\/lije\u010dnika<\/p>\n<p>&#8211; P501 &#8211; Odlo\u017eiti sadr\u017eaj\/spremnik u skladu s lokalnim sustavom gospodarenja otpadom<\/p>\n<p>&#8211; EUH208 &#8211; Sadr\u017ei Citronelol, Tetrametil Acetiloktahidronaftalen. Mo\u017ee izazvati alergijsku reakciju<\/p>\n","protected":false},"excerpt":{"rendered":"<p>Uklanja mrlje, \u010duva boje, osvje\u017eava i \u0161titi tkaninu<br \/>\nOmot je 100 % topiv u vodi<br \/>\nAmbala\u017ea mo\u017ee se reciklirati<\/p>\n","protected":false},"featured_media":0,"template":"","meta":{"_seopress_robots_primary_cat":"","_seopress_titles_title":"","_seopress_titles_desc":"","_seopress_robots_index":"","iawp_total_views":0},"product_brand":[427],"product_cat":[283,238],"product_tag":[],"class_list":{"0":"post-41796","1":"product","2":"type-product","3":"status-publish","5":"product_brand-ariel","6":"product_cat-pranje-rublja-238","7":"product_cat-sve-za-dom","9":"first","10":"outofstock","11":"shipping-taxable","12":"purchasable","13":"product-type-simple"},"_links":{"self":[{"href":"https:\/\/singuli.wpress.me\/index.php\/wp-json\/wp\/v2\/product\/41796","targetHints":{"allow":["GET"]}}],"collection":[{"href":"https:\/\/singuli.wpress.me\/index.php\/wp-json\/wp\/v2\/product"}],"about":[{"href":"https:\/\/singuli.wpress.me\/index.php\/wp-json\/wp\/v2\/types\/product"}],"version-history":[{"count":0,"href":"https:\/\/singuli.wpress.me\/index.php\/wp-json\/wp\/v2\/product\/41796\/revisions"}],"wp:attachment":[{"href":"https:\/\/singuli.wpress.me\/index.php\/wp-json\/wp\/v2\/media?parent=41796"}],"wp:term":[{"taxonomy":"product_brand","embeddable":true,"href":"https:\/\/singuli.wpress.me\/index.php\/wp-json\/wp\/v2\/product_brand?post=41796"},{"taxonomy":"product_cat","embeddable":true,"href":"https:\/\/singuli.wpress.me\/index.php\/wp-json\/wp\/v2\/product_cat?post=41796"},{"taxonomy":"product_tag","embeddable":true,"href":"https:\/\/singuli.wpress.me\/index.php\/wp-json\/wp\/v2\/product_tag?post=41796"}],"curies":[{"name":"wp","href":"https:\/\/api.w.org\/{rel}","templated":true}]}}