{"id":41797,"date":"2026-04-19T15:23:49","date_gmt":"2026-04-19T15:23:49","guid":{"rendered":"https:\/\/singuli.wpress.me\/index.php\/proizvod\/raid-freeze-sprej-protiv-gmizucih-insekata-350-ml\/"},"modified":"2026-04-20T12:33:40","modified_gmt":"2026-04-20T12:33:40","slug":"raid-freeze-sprej-protiv-gmizucih-insekata-350-ml","status":"publish","type":"product","link":"https:\/\/singuli.wpress.me\/index.php\/proizvod\/raid-freeze-sprej-protiv-gmizucih-insekata-350-ml\/","title":{"rendered":"RAID Freeze, sprej, protiv gmi\u017eu\u0107ih insekata, 350\u00a0ml"},"content":{"rendered":"<p>Raid\u00ae Freeze Spray\u2122 je sprej bez aktivnog insekticida. Pomo\u0107u spreja smrznete insekte u sekundi te ih onda mo\u017eete jednostavno ukloniti iz prostorije. <\/p>\n<p>Efikasan je protiv vi\u0161e vrsta insekata i nametnika kao \u0161to su mravi, \u017eohari (Blattella Germanica), pauci i smrdljivi martini. <\/p>\n<p>Raid\u00ae Freeze Spray\u2122 ne predstavlja opasnost za kori\u0161tenje u zatvorenom prostoru, u blizini djece ili \u017eivotinja (ako je kori\u0161ten prema uputama). <\/p>\n<p>Ne ostavlja neugodne mirise i kemijske supstance.<\/p>\n","protected":false},"excerpt":{"rendered":"<p>Pogodan za zatvorene prostore<br \/>\nNe sadr\u017ei aktivne insekticide<br \/>\nNe ostavlja neugodne mirise<\/p>\n","protected":false},"featured_media":0,"template":"","meta":{"_seopress_robots_primary_cat":"","_seopress_titles_title":"","_seopress_titles_desc":"","_seopress_robots_index":"","iawp_total_views":0},"product_brand":[457],"product_cat":[268,300],"product_tag":[],"class_list":{"0":"post-41797","1":"product","2":"type-product","3":"status-publish","5":"product_brand-raid","6":"product_cat-kozmetika-2","7":"product_cat-njega-kose-268","9":"first","10":"instock","11":"shipping-taxable","12":"purchasable","13":"product-type-simple"},"_links":{"self":[{"href":"https:\/\/singuli.wpress.me\/index.php\/wp-json\/wp\/v2\/product\/41797","targetHints":{"allow":["GET"]}}],"collection":[{"href":"https:\/\/singuli.wpress.me\/index.php\/wp-json\/wp\/v2\/product"}],"about":[{"href":"https:\/\/singuli.wpress.me\/index.php\/wp-json\/wp\/v2\/types\/product"}],"version-history":[{"count":0,"href":"https:\/\/singuli.wpress.me\/index.php\/wp-json\/wp\/v2\/product\/41797\/revisions"}],"wp:attachment":[{"href":"https:\/\/singuli.wpress.me\/index.php\/wp-json\/wp\/v2\/media?parent=41797"}],"wp:term":[{"taxonomy":"product_brand","embeddable":true,"href":"https:\/\/singuli.wpress.me\/index.php\/wp-json\/wp\/v2\/product_brand?post=41797"},{"taxonomy":"product_cat","embeddable":true,"href":"https:\/\/singuli.wpress.me\/index.php\/wp-json\/wp\/v2\/product_cat?post=41797"},{"taxonomy":"product_tag","embeddable":true,"href":"https:\/\/singuli.wpress.me\/index.php\/wp-json\/wp\/v2\/product_tag?post=41797"}],"curies":[{"name":"wp","href":"https:\/\/api.w.org\/{rel}","templated":true}]}}