{"id":41799,"date":"2026-04-19T15:23:50","date_gmt":"2026-04-19T15:23:50","guid":{"rendered":"https:\/\/singuli.wpress.me\/index.php\/proizvod\/pronto-sprej-za-namjestaj-300-ml\/"},"modified":"2026-04-20T12:33:40","modified_gmt":"2026-04-20T12:33:40","slug":"pronto-sprej-za-namjestaj-300-ml","status":"publish","type":"product","link":"https:\/\/singuli.wpress.me\/index.php\/proizvod\/pronto-sprej-za-namjestaj-300-ml\/","title":{"rendered":"PRONTO, sprej, za namje\u0161taj, 300\u00a0ml"},"content":{"rendered":"<p>Pronto\u00ae Classic 5u1 sprej za namje\u0161taj otklanja pra\u0161inu, \u0161titi drvene povr\u0161ine, otklanja mrlje, tragove i do 90% alergena iz pra\u0161ine te otkriva prirodni sjaj povr\u0161ina. <\/p>\n<p>Pronto\u00ae sprej za namje\u0161taj nje\u017eno \u010disti drvene povr\u0161ine, isti\u010du\u0107i njihovu prirodnu ljepotu i sjaj, uz neodoljiv osvje\u017eavaju\u0107i miris. <\/p>\n<p>Njegova 5 u 1 formula istovremeno \u010disti, hrani, osvje\u017eava, njeguje i odstranjuje pra\u0161inu. <\/p>\n<p>Pronto\u00ae Classic 5u1 sprej za namje\u0161taj potrebno je dobro protresti i raspr\u0161iti najmanje 15 od povr\u0161ine ili na krpu.<\/p>\n","protected":false},"excerpt":{"rendered":"<p>Sprej za drveni namje\u0161taj<br \/>\n5 u 1 &#8211; \u010disti, hrani, osvje\u017eava, njeguje i odstranjuje pra\u0161inu<br \/>\nDugotrajna za\u0161tita<\/p>\n","protected":false},"featured_media":0,"template":"","meta":{"_seopress_robots_primary_cat":"","_seopress_titles_title":"","_seopress_titles_desc":"","_seopress_robots_index":"","iawp_total_views":0},"product_brand":[815],"product_cat":[274,238],"product_tag":[],"class_list":{"0":"post-41799","1":"product","2":"type-product","3":"status-publish","5":"product_brand-pronto","6":"product_cat-kucanski-pribor-238","7":"product_cat-sve-za-dom","9":"first","10":"outofstock","11":"shipping-taxable","12":"purchasable","13":"product-type-simple"},"_links":{"self":[{"href":"https:\/\/singuli.wpress.me\/index.php\/wp-json\/wp\/v2\/product\/41799","targetHints":{"allow":["GET"]}}],"collection":[{"href":"https:\/\/singuli.wpress.me\/index.php\/wp-json\/wp\/v2\/product"}],"about":[{"href":"https:\/\/singuli.wpress.me\/index.php\/wp-json\/wp\/v2\/types\/product"}],"version-history":[{"count":0,"href":"https:\/\/singuli.wpress.me\/index.php\/wp-json\/wp\/v2\/product\/41799\/revisions"}],"wp:attachment":[{"href":"https:\/\/singuli.wpress.me\/index.php\/wp-json\/wp\/v2\/media?parent=41799"}],"wp:term":[{"taxonomy":"product_brand","embeddable":true,"href":"https:\/\/singuli.wpress.me\/index.php\/wp-json\/wp\/v2\/product_brand?post=41799"},{"taxonomy":"product_cat","embeddable":true,"href":"https:\/\/singuli.wpress.me\/index.php\/wp-json\/wp\/v2\/product_cat?post=41799"},{"taxonomy":"product_tag","embeddable":true,"href":"https:\/\/singuli.wpress.me\/index.php\/wp-json\/wp\/v2\/product_tag?post=41799"}],"curies":[{"name":"wp","href":"https:\/\/api.w.org\/{rel}","templated":true}]}}