{"id":41804,"date":"2026-04-19T15:23:51","date_gmt":"2026-04-19T15:23:51","guid":{"rendered":"https:\/\/singuli.wpress.me\/index.php\/proizvod\/make-it-real-neobrite-narukvice-i-privjesci\/"},"modified":"2026-04-20T12:33:40","modified_gmt":"2026-04-20T12:33:40","slug":"make-it-real-neobrite-narukvice-i-privjesci","status":"publish","type":"product","link":"https:\/\/singuli.wpress.me\/index.php\/proizvod\/make-it-real-neobrite-narukvice-i-privjesci\/","title":{"rendered":"MAKE IT REAL Neobrite, narukvice i privjesci"},"content":{"rendered":"<p>Pretvori svoj svijet kreativnosti u stvarnost.<\/p>\n<p>Jednostavno slijedi upute i uz veliki izbor dodataka te pompona kreiraj 10 super privla\u010dnih narukvica!<\/p>\n<p>SADR\u017dAJ: 195 dijelova \u2013 za kreaciju 10 neon narukvica; 164 razli\u010ditih perlica, 3 jedinstvena privjeska, 3 ukrasa, 6 pompon privjeska, 3 drgulj\u010di\u0107a, 6 elasti\u010dnih traka od tkanine \u2013 svaka 25 cm (2 roze, 2 zelene, 2 \u017eute), 5 lan\u010di\u0107a zlatne boje, 1 prilagodljivi prsten, 1 rozi pompon, 1 prozirna elasti\u010dna traka 2.5m, upute i podloga za igru.<\/p>\n<p>Dob: 8+ godine<\/p>\n","protected":false},"excerpt":{"rendered":"<p>Kreativan set<br \/>\nSadr\u017ei vi\u0161e komponenti<br \/>\nDob: 8+god<\/p>\n","protected":false},"featured_media":0,"template":"","meta":{"_seopress_robots_primary_cat":"","_seopress_titles_title":"","_seopress_titles_desc":"","_seopress_robots_index":"","iawp_total_views":0},"product_brand":[441],"product_cat":[221,291],"product_tag":[],"class_list":{"0":"post-41804","1":"product","2":"type-product","3":"status-publish","5":"product_brand-make-it-real","6":"product_cat-igracke","7":"product_cat-igracke-za-djecu-221","9":"first","10":"instock","11":"shipping-taxable","12":"purchasable","13":"product-type-simple"},"_links":{"self":[{"href":"https:\/\/singuli.wpress.me\/index.php\/wp-json\/wp\/v2\/product\/41804","targetHints":{"allow":["GET"]}}],"collection":[{"href":"https:\/\/singuli.wpress.me\/index.php\/wp-json\/wp\/v2\/product"}],"about":[{"href":"https:\/\/singuli.wpress.me\/index.php\/wp-json\/wp\/v2\/types\/product"}],"version-history":[{"count":0,"href":"https:\/\/singuli.wpress.me\/index.php\/wp-json\/wp\/v2\/product\/41804\/revisions"}],"wp:attachment":[{"href":"https:\/\/singuli.wpress.me\/index.php\/wp-json\/wp\/v2\/media?parent=41804"}],"wp:term":[{"taxonomy":"product_brand","embeddable":true,"href":"https:\/\/singuli.wpress.me\/index.php\/wp-json\/wp\/v2\/product_brand?post=41804"},{"taxonomy":"product_cat","embeddable":true,"href":"https:\/\/singuli.wpress.me\/index.php\/wp-json\/wp\/v2\/product_cat?post=41804"},{"taxonomy":"product_tag","embeddable":true,"href":"https:\/\/singuli.wpress.me\/index.php\/wp-json\/wp\/v2\/product_tag?post=41804"}],"curies":[{"name":"wp","href":"https:\/\/api.w.org\/{rel}","templated":true}]}}