{"id":41806,"date":"2026-04-19T15:23:53","date_gmt":"2026-04-19T15:23:53","guid":{"rendered":"https:\/\/singuli.wpress.me\/index.php\/proizvod\/uhu-ljepilo-za-stiropor-40-g\/"},"modified":"2026-04-21T00:27:12","modified_gmt":"2026-04-21T00:27:12","slug":"uhu-ljepilo-za-stiropor-40-g","status":"publish","type":"product","link":"https:\/\/singuli.wpress.me\/index.php\/proizvod\/uhu-ljepilo-za-stiropor-40-g\/","title":{"rendered":"UHU, ljepilo, za stiropor, 40\u00a0g"},"content":{"rendered":"<p>Kontaktno ljepilo, za lijepljenje tvrdih pjena kao \u0161to je Styropor\u00ae, me\u0111usobno i s drugim materijalima kao \u0161to su: drvo, papir, metal, keramika, \u017ebuka, tekstil i razni umjetni materijali.<\/p>\n<p>Mo\u017ee se koristiti i kao univerzalno ljepilo naj\u0161ire primjene.<\/p>\n","protected":false},"excerpt":{"rendered":"<p>Kontaktno ljepilo<br \/>\nLijepi brzo i \u010dvrsto<br \/>\nUniverzalno ljepilo naj\u0161ire primjene<\/p>\n","protected":false},"featured_media":0,"template":"","meta":{"_seopress_robots_primary_cat":"","_seopress_titles_title":"","_seopress_titles_desc":"","_seopress_robots_index":"","iawp_total_views":0},"product_brand":[445],"product_cat":[264,238],"product_tag":[],"class_list":{"0":"post-41806","1":"product","2":"type-product","3":"status-publish","5":"product_brand-uhu","6":"product_cat-ljepila-i-brtvila-238","7":"product_cat-sve-za-dom","9":"first","10":"instock","11":"shipping-taxable","12":"purchasable","13":"product-type-simple"},"_links":{"self":[{"href":"https:\/\/singuli.wpress.me\/index.php\/wp-json\/wp\/v2\/product\/41806","targetHints":{"allow":["GET"]}}],"collection":[{"href":"https:\/\/singuli.wpress.me\/index.php\/wp-json\/wp\/v2\/product"}],"about":[{"href":"https:\/\/singuli.wpress.me\/index.php\/wp-json\/wp\/v2\/types\/product"}],"version-history":[{"count":0,"href":"https:\/\/singuli.wpress.me\/index.php\/wp-json\/wp\/v2\/product\/41806\/revisions"}],"wp:attachment":[{"href":"https:\/\/singuli.wpress.me\/index.php\/wp-json\/wp\/v2\/media?parent=41806"}],"wp:term":[{"taxonomy":"product_brand","embeddable":true,"href":"https:\/\/singuli.wpress.me\/index.php\/wp-json\/wp\/v2\/product_brand?post=41806"},{"taxonomy":"product_cat","embeddable":true,"href":"https:\/\/singuli.wpress.me\/index.php\/wp-json\/wp\/v2\/product_cat?post=41806"},{"taxonomy":"product_tag","embeddable":true,"href":"https:\/\/singuli.wpress.me\/index.php\/wp-json\/wp\/v2\/product_tag?post=41806"}],"curies":[{"name":"wp","href":"https:\/\/api.w.org\/{rel}","templated":true}]}}