{"id":41807,"date":"2026-04-19T15:23:53","date_gmt":"2026-04-19T15:23:53","guid":{"rendered":"https:\/\/singuli.wpress.me\/index.php\/proizvod\/lavazza-aparat-za-kavu-french-press\/"},"modified":"2026-04-20T12:33:40","modified_gmt":"2026-04-20T12:33:40","slug":"lavazza-aparat-za-kavu-french-press","status":"publish","type":"product","link":"https:\/\/singuli.wpress.me\/index.php\/proizvod\/lavazza-aparat-za-kavu-french-press\/","title":{"rendered":"LAVAZZA, aparat za kavu, French press"},"content":{"rendered":"<p>Za sve ljubitelje <span style=\"font-weight: bold\">French press<\/span> filter kave.<\/p>\n<p>Ovaj kvalitetan French press aparat za kavu kreirala je Lavazza u suradnji s kompanijom Bodum za maksimalno u\u017eivanje u aromati\u010dnom i ukusnom napitku.<\/p>\n<p>Lavazza French Press kafetijera idealna je za pripremu ukusne kave kod ku\u0107e u nekoliko minuta.<\/p>\n<p>Boja: crna mat<\/p>\n<p>Odr\u017eavanje: ru\u010dno pranje<\/p>\n<p><span style=\"font-weight: bold\">Priprema kave:<br \/>\n<\/span>1. koristiti grublje mljevenu kavu kao za moku, bilo koja Lavazza mljevena kava je prikladna ili mo\u017eete koristiti kavu u zrnu koju sami meljete<br \/>\n2. preliti unutra\u0161njost kafetijere s vru\u0107om zakuhanom vodom da se ugrije posuda, isprazniti vodu<br \/>\n3. doziranje: 1 mjerica kave i 125ml vru\u0107e vode, 2 mjerice i 250ml vru\u0107e vode&#8230;<br \/>\n4. dodajte \u017eeljenu koli\u010dinu kave u kafetijeru, prelijte kavu s tom vru\u0107om vodom samo da prekrije kavu, promije\u0161ajte, dodajte ostatak vru\u0107e vode(odgovaraju\u0107a koli\u010dina sukladno mjericama kave koje ste stavili). Ukoliko radite ve\u0107u koli\u010dinu kave pazite da teku\u0107ina bude barem 2.5cm ni\u017ee od ruba posude kako bi mogli staviti poklopac s filterom.<br \/>\n5. stavite poklopac\/filter na vrh posude i ostavite da kava odstoji 4 minute<br \/>\n6. nakon \u0161to je kava odle\u017eala pritisnite lagano filter do dna posude i odmah nakon toga poslu\u017eite kavu. Treba izbjegavati da kava stoji du\u017ee u kafetijeri kako bi se izbjegla gor\u010dina.<br \/>\n7. U\u017eivajte u svje\u017ee pripremljenoj kavi!<\/p>\n","protected":false},"excerpt":{"rendered":"<p>Frech press filter kava<br \/>\nPriprema kave u nekoliko minuta<br \/>\nBoja: crna mat<\/p>\n","protected":false},"featured_media":0,"template":"","meta":{"_seopress_robots_primary_cat":"","_seopress_titles_title":"","_seopress_titles_desc":"","_seopress_robots_index":"","iawp_total_views":0},"product_brand":[393],"product_cat":[266,265,160],"product_tag":[],"class_list":{"0":"post-41807","1":"product","2":"type-product","3":"status-publish","5":"product_brand-lavazza","6":"product_cat-aparati-za-kuhanje-265","7":"product_cat-kuhinjski-aparati-160","8":"product_cat-mali-kucanski-aparati","10":"first","11":"instock","12":"shipping-taxable","13":"purchasable","14":"product-type-simple"},"_links":{"self":[{"href":"https:\/\/singuli.wpress.me\/index.php\/wp-json\/wp\/v2\/product\/41807","targetHints":{"allow":["GET"]}}],"collection":[{"href":"https:\/\/singuli.wpress.me\/index.php\/wp-json\/wp\/v2\/product"}],"about":[{"href":"https:\/\/singuli.wpress.me\/index.php\/wp-json\/wp\/v2\/types\/product"}],"version-history":[{"count":0,"href":"https:\/\/singuli.wpress.me\/index.php\/wp-json\/wp\/v2\/product\/41807\/revisions"}],"wp:attachment":[{"href":"https:\/\/singuli.wpress.me\/index.php\/wp-json\/wp\/v2\/media?parent=41807"}],"wp:term":[{"taxonomy":"product_brand","embeddable":true,"href":"https:\/\/singuli.wpress.me\/index.php\/wp-json\/wp\/v2\/product_brand?post=41807"},{"taxonomy":"product_cat","embeddable":true,"href":"https:\/\/singuli.wpress.me\/index.php\/wp-json\/wp\/v2\/product_cat?post=41807"},{"taxonomy":"product_tag","embeddable":true,"href":"https:\/\/singuli.wpress.me\/index.php\/wp-json\/wp\/v2\/product_tag?post=41807"}],"curies":[{"name":"wp","href":"https:\/\/api.w.org\/{rel}","templated":true}]}}