{"id":41810,"date":"2026-04-19T15:23:54","date_gmt":"2026-04-19T15:23:54","guid":{"rendered":"https:\/\/singuli.wpress.me\/index.php\/proizvod\/tuban-tekucina-za-mjehurice-12komx250ml\/"},"modified":"2026-04-20T12:33:40","modified_gmt":"2026-04-20T12:33:40","slug":"tuban-tekucina-za-mjehurice-12komx250ml","status":"publish","type":"product","link":"https:\/\/singuli.wpress.me\/index.php\/proizvod\/tuban-tekucina-za-mjehurice-12komx250ml\/","title":{"rendered":"TUBAN, teku\u0107ina za mjehuri\u0107e, 12komx250ml"},"content":{"rendered":"<p>Teku\u0107ina koja nadilazi konkurenciju.<\/p>\n<p>FUN FACT: formula ove teku\u0107ine omogu\u0107ila je TUBANU 3x postizanje Guinessovog rekorda u stvaranju 1 balona sa najvi\u0161e ljudi u njemu \u2013 to\u010dnije uspjeli su \u201ezarobiti\u201d 419 osoba!<\/p>\n<p>Vrhunska kvaliteta i sigurnost za zabavu milijuna djece i odraslih u svijetu.<\/p>\n<p>Dob: 3+<\/p>\n","protected":false},"excerpt":{"rendered":"<p>Refill teku\u0107ina za mjehuri\u0107e<br \/>\nVrhunska kvaliteta i sigurnost<br \/>\nDob: 3+god<\/p>\n","protected":false},"featured_media":0,"template":"","meta":{"_seopress_robots_primary_cat":"","_seopress_titles_title":"","_seopress_titles_desc":"","_seopress_robots_index":"","iawp_total_views":0},"product_brand":[492],"product_cat":[221,291],"product_tag":[],"class_list":{"0":"post-41810","1":"product","2":"type-product","3":"status-publish","5":"product_brand-tuban","6":"product_cat-igracke","7":"product_cat-igracke-za-djecu-221","9":"first","10":"instock","11":"shipping-taxable","12":"purchasable","13":"product-type-simple"},"_links":{"self":[{"href":"https:\/\/singuli.wpress.me\/index.php\/wp-json\/wp\/v2\/product\/41810","targetHints":{"allow":["GET"]}}],"collection":[{"href":"https:\/\/singuli.wpress.me\/index.php\/wp-json\/wp\/v2\/product"}],"about":[{"href":"https:\/\/singuli.wpress.me\/index.php\/wp-json\/wp\/v2\/types\/product"}],"version-history":[{"count":0,"href":"https:\/\/singuli.wpress.me\/index.php\/wp-json\/wp\/v2\/product\/41810\/revisions"}],"wp:attachment":[{"href":"https:\/\/singuli.wpress.me\/index.php\/wp-json\/wp\/v2\/media?parent=41810"}],"wp:term":[{"taxonomy":"product_brand","embeddable":true,"href":"https:\/\/singuli.wpress.me\/index.php\/wp-json\/wp\/v2\/product_brand?post=41810"},{"taxonomy":"product_cat","embeddable":true,"href":"https:\/\/singuli.wpress.me\/index.php\/wp-json\/wp\/v2\/product_cat?post=41810"},{"taxonomy":"product_tag","embeddable":true,"href":"https:\/\/singuli.wpress.me\/index.php\/wp-json\/wp\/v2\/product_tag?post=41810"}],"curies":[{"name":"wp","href":"https:\/\/api.w.org\/{rel}","templated":true}]}}