{"id":41812,"date":"2026-04-19T15:23:55","date_gmt":"2026-04-19T15:23:55","guid":{"rendered":"https:\/\/singuli.wpress.me\/index.php\/proizvod\/braun-silkexpert-pro-3121-ipl-uredaj\/"},"modified":"2026-04-20T12:33:40","modified_gmt":"2026-04-20T12:33:40","slug":"braun-silkexpert-pro-3121-ipl-uredaj","status":"publish","type":"product","link":"https:\/\/singuli.wpress.me\/index.php\/proizvod\/braun-silkexpert-pro-3121-ipl-uredaj\/","title":{"rendered":"BRAUN SilkExpert Pro 3121, IPL ure\u0111aj"},"content":{"rendered":"<p>Braun Silk\u00b7expert Pro 3 \u2013 PL3121<br \/>\n&#8211; Vidljivo smanjenje broja dla\u010dica u samo tri mjeseca. Brzo, precizno i \u200b\u200bnje\u017eno uklanjanje dla\u010dica.<br \/>\n&#8211; Do 100 bljeskova u minuti za jednostavno uklanjanje dla\u010dica s manje propu\u0161tenih mjesta.<br \/>\n&#8211; Nje\u017ean prema ko\u017ei s dva nje\u017ena na\u010dina djelovanja koji smanjuju intenzitet svjetla, \u010dime se omek\u0161ava proces na osjetljivim podru\u010djima poput lica, pazuha ili intimnih podru\u010dja.<br \/>\n&#8211; Vi\u0161e glava za kori\u0161tenje na svim podru\u010djima od glave do pete. Standardna glava za pazuhe i potkoljenice te precizna glava za lice i intimno podru\u010dje<\/p>\n","protected":false},"excerpt":{"rendered":"<p>Aparat za uklanjanje vidljivih dla\u010dica.<br \/>\nNje\u017ean za ko\u017eu s dva nje\u017ena na\u010dina djelovanja.<br \/>\nVenus brija\u010d unutar pakiranja mo\u017ee varirati<\/p>\n","protected":false},"featured_media":0,"template":"","meta":{"_seopress_robots_primary_cat":"","_seopress_titles_title":"","_seopress_titles_desc":"","_seopress_robots_index":"","iawp_total_views":0},"product_brand":[144],"product_cat":[192,282,281],"product_tag":[],"class_list":{"0":"post-41812","1":"product","2":"type-product","3":"status-publish","5":"product_brand-braun","6":"product_cat-aparati-za-osobnu-njegu","7":"product_cat-aparati-za-zene-281","8":"product_cat-epilatori-i-ipl-192","10":"first","11":"outofstock","12":"shipping-taxable","13":"purchasable","14":"product-type-simple"},"_links":{"self":[{"href":"https:\/\/singuli.wpress.me\/index.php\/wp-json\/wp\/v2\/product\/41812","targetHints":{"allow":["GET"]}}],"collection":[{"href":"https:\/\/singuli.wpress.me\/index.php\/wp-json\/wp\/v2\/product"}],"about":[{"href":"https:\/\/singuli.wpress.me\/index.php\/wp-json\/wp\/v2\/types\/product"}],"version-history":[{"count":0,"href":"https:\/\/singuli.wpress.me\/index.php\/wp-json\/wp\/v2\/product\/41812\/revisions"}],"wp:attachment":[{"href":"https:\/\/singuli.wpress.me\/index.php\/wp-json\/wp\/v2\/media?parent=41812"}],"wp:term":[{"taxonomy":"product_brand","embeddable":true,"href":"https:\/\/singuli.wpress.me\/index.php\/wp-json\/wp\/v2\/product_brand?post=41812"},{"taxonomy":"product_cat","embeddable":true,"href":"https:\/\/singuli.wpress.me\/index.php\/wp-json\/wp\/v2\/product_cat?post=41812"},{"taxonomy":"product_tag","embeddable":true,"href":"https:\/\/singuli.wpress.me\/index.php\/wp-json\/wp\/v2\/product_tag?post=41812"}],"curies":[{"name":"wp","href":"https:\/\/api.w.org\/{rel}","templated":true}]}}