{"id":41823,"date":"2026-04-19T15:23:59","date_gmt":"2026-04-19T15:23:59","guid":{"rendered":"https:\/\/singuli.wpress.me\/index.php\/proizvod\/make-it-real-set-dnevnik-zlatno-rozi\/"},"modified":"2026-04-20T12:33:40","modified_gmt":"2026-04-20T12:33:40","slug":"make-it-real-set-dnevnik-zlatno-rozi","status":"publish","type":"product","link":"https:\/\/singuli.wpress.me\/index.php\/proizvod\/make-it-real-set-dnevnik-zlatno-rozi\/","title":{"rendered":"MAKE IT REAL, set, dnevnik &#8211; zlatno rozi"},"content":{"rendered":"<p>Sve \u0161to sija je zlato!<\/p>\n<p>Protresi nje\u017eno svoj dnevnik i gledaj magi\u010dan ples sjajila na prednjici dnevnika.<\/p>\n<p>200 stranica sa crtama \u010deka tvoje misli, pri\u010de i jo\u0161 mnogo toga.<\/p>\n<p>Kreativno iskoristi predivne naljepnice i ukra\u0161enu olovku!<\/p>\n<p>Sadr\u017eaj: 1 dnevnik, 1 olovka, 1 list s naljepnicama<\/p>\n<p>Dob: 6+ godina<\/p>\n","protected":false},"excerpt":{"rendered":"<p>200 stranica dnevnika<br \/>\nSadr\u017ei vi\u0161e komponenti<br \/>\nDob: 6+god<\/p>\n","protected":false},"featured_media":0,"template":"","meta":{"_seopress_robots_primary_cat":"","_seopress_titles_title":"","_seopress_titles_desc":"","_seopress_robots_index":"","iawp_total_views":0},"product_brand":[441],"product_cat":[221,291],"product_tag":[],"class_list":{"0":"post-41823","1":"product","2":"type-product","3":"status-publish","5":"product_brand-make-it-real","6":"product_cat-igracke","7":"product_cat-igracke-za-djecu-221","9":"first","10":"outofstock","11":"shipping-taxable","12":"purchasable","13":"product-type-simple"},"_links":{"self":[{"href":"https:\/\/singuli.wpress.me\/index.php\/wp-json\/wp\/v2\/product\/41823","targetHints":{"allow":["GET"]}}],"collection":[{"href":"https:\/\/singuli.wpress.me\/index.php\/wp-json\/wp\/v2\/product"}],"about":[{"href":"https:\/\/singuli.wpress.me\/index.php\/wp-json\/wp\/v2\/types\/product"}],"version-history":[{"count":0,"href":"https:\/\/singuli.wpress.me\/index.php\/wp-json\/wp\/v2\/product\/41823\/revisions"}],"wp:attachment":[{"href":"https:\/\/singuli.wpress.me\/index.php\/wp-json\/wp\/v2\/media?parent=41823"}],"wp:term":[{"taxonomy":"product_brand","embeddable":true,"href":"https:\/\/singuli.wpress.me\/index.php\/wp-json\/wp\/v2\/product_brand?post=41823"},{"taxonomy":"product_cat","embeddable":true,"href":"https:\/\/singuli.wpress.me\/index.php\/wp-json\/wp\/v2\/product_cat?post=41823"},{"taxonomy":"product_tag","embeddable":true,"href":"https:\/\/singuli.wpress.me\/index.php\/wp-json\/wp\/v2\/product_tag?post=41823"}],"curies":[{"name":"wp","href":"https:\/\/api.w.org\/{rel}","templated":true}]}}