{"id":41827,"date":"2026-04-19T15:24:01","date_gmt":"2026-04-19T15:24:01","guid":{"rendered":"https:\/\/singuli.wpress.me\/index.php\/proizvod\/neutro-roberts-manneti-dermazero-deo-roll-on-50-ml\/"},"modified":"2026-04-20T12:33:40","modified_gmt":"2026-04-20T12:33:40","slug":"neutro-roberts-manneti-dermazero-deo-roll-on-50-ml","status":"publish","type":"product","link":"https:\/\/singuli.wpress.me\/index.php\/proizvod\/neutro-roberts-manneti-dermazero-deo-roll-on-50-ml\/","title":{"rendered":"NEUTRO ROBERTS Manneti Dermazero, deo roll-on, 50\u00a0ml"},"content":{"rendered":"<p>Neutro Roberts deo roll-on Dermazero osigurava pouzdanu za\u0161titu od znojenja i neugodnih mirisa. <\/p>\n<p>Jedinstveni roll-on dezodorans svojom naprednom formulom se bori protiv nastanka ne\u017eeljenog znoja na ko\u017ei te tako \u0161titi tijelo od neugodnih mirisa. <\/p>\n<p>Blagotvorna formula bez alkohola, parabena i aluminija va\u0161oj \u0107e ko\u017ei podariti ugodnu njegu u svakom trenutku. <\/p>\n<p>Neutro Roberts deo roll-on Dermazero umanjuje mogu\u0107nost nastanka alergija te je odli\u010dno rje\u0161enje tra\u017eite li ugodnu i u\u010dinkovitu za\u0161titu od neugodnih mirisa.<\/p>\n","protected":false},"excerpt":{"rendered":"<p>Donosi pouzdanu za\u0161titu od znojenja<br \/>\nSprje\u010dava nastanak neugodnih mirisa<br \/>\nAntibakterijska formula pogoduje ko\u017ei<\/p>\n","protected":false},"featured_media":0,"template":"","meta":{"_seopress_robots_primary_cat":"","_seopress_titles_title":"","_seopress_titles_desc":"","_seopress_robots_index":"","iawp_total_views":0},"product_brand":[412],"product_cat":[285,268],"product_tag":[],"class_list":{"0":"post-41827","1":"product","2":"type-product","3":"status-publish","5":"product_brand-neutro-roberts","6":"product_cat-dezodoransi-268","7":"product_cat-kozmetika-2","9":"first","10":"outofstock","11":"shipping-taxable","12":"purchasable","13":"product-type-simple"},"_links":{"self":[{"href":"https:\/\/singuli.wpress.me\/index.php\/wp-json\/wp\/v2\/product\/41827","targetHints":{"allow":["GET"]}}],"collection":[{"href":"https:\/\/singuli.wpress.me\/index.php\/wp-json\/wp\/v2\/product"}],"about":[{"href":"https:\/\/singuli.wpress.me\/index.php\/wp-json\/wp\/v2\/types\/product"}],"version-history":[{"count":0,"href":"https:\/\/singuli.wpress.me\/index.php\/wp-json\/wp\/v2\/product\/41827\/revisions"}],"wp:attachment":[{"href":"https:\/\/singuli.wpress.me\/index.php\/wp-json\/wp\/v2\/media?parent=41827"}],"wp:term":[{"taxonomy":"product_brand","embeddable":true,"href":"https:\/\/singuli.wpress.me\/index.php\/wp-json\/wp\/v2\/product_brand?post=41827"},{"taxonomy":"product_cat","embeddable":true,"href":"https:\/\/singuli.wpress.me\/index.php\/wp-json\/wp\/v2\/product_cat?post=41827"},{"taxonomy":"product_tag","embeddable":true,"href":"https:\/\/singuli.wpress.me\/index.php\/wp-json\/wp\/v2\/product_tag?post=41827"}],"curies":[{"name":"wp","href":"https:\/\/api.w.org\/{rel}","templated":true}]}}