{"id":41830,"date":"2026-04-19T15:24:01","date_gmt":"2026-04-19T15:24:01","guid":{"rendered":"https:\/\/singuli.wpress.me\/index.php\/proizvod\/dana-prirodni-sok-100-crveno-voce-1-l\/"},"modified":"2026-04-20T12:33:40","modified_gmt":"2026-04-20T12:33:40","slug":"dana-prirodni-sok-100-crveno-voce-1-l","status":"publish","type":"product","link":"https:\/\/singuli.wpress.me\/index.php\/proizvod\/dana-prirodni-sok-100-crveno-voce-1-l\/","title":{"rendered":"DANA, prirodni sok, 100% crveno vo\u0107e, 1\u00a0l"},"content":{"rendered":"<p>Vo\u0107ni sok iz crvenog vo\u0107a od koncentriranih vo\u0107nih sokova jabuke, gro\u017e\u0111a, crnog ribiza, aronije, vi\u0161nje, maline, borovnice, nara. Udio vo\u0107a: 100 %.<\/p>\n<p>Otvoreni sok dr\u017eati u hladnjaku i potro\u0161iti u roku od 3 dana<\/p>\n","protected":false},"excerpt":{"rendered":"<p>Koncentrirani sok<br \/>\nUdio vo\u0107a: 100%<br \/>\nPasterizirano<\/p>\n","protected":false},"featured_media":0,"template":"","meta":{"_seopress_robots_primary_cat":"","_seopress_titles_title":"","_seopress_titles_desc":"","_seopress_robots_index":"","iawp_total_views":0},"product_brand":[485],"product_cat":[261,262],"product_tag":[],"class_list":{"0":"post-41830","1":"product","2":"type-product","3":"status-publish","5":"product_brand-dana","6":"product_cat-hrana-i-pice","7":"product_cat-sokovi-i-napitci-261","9":"first","10":"outofstock","11":"shipping-taxable","12":"purchasable","13":"product-type-simple"},"_links":{"self":[{"href":"https:\/\/singuli.wpress.me\/index.php\/wp-json\/wp\/v2\/product\/41830","targetHints":{"allow":["GET"]}}],"collection":[{"href":"https:\/\/singuli.wpress.me\/index.php\/wp-json\/wp\/v2\/product"}],"about":[{"href":"https:\/\/singuli.wpress.me\/index.php\/wp-json\/wp\/v2\/types\/product"}],"version-history":[{"count":0,"href":"https:\/\/singuli.wpress.me\/index.php\/wp-json\/wp\/v2\/product\/41830\/revisions"}],"wp:attachment":[{"href":"https:\/\/singuli.wpress.me\/index.php\/wp-json\/wp\/v2\/media?parent=41830"}],"wp:term":[{"taxonomy":"product_brand","embeddable":true,"href":"https:\/\/singuli.wpress.me\/index.php\/wp-json\/wp\/v2\/product_brand?post=41830"},{"taxonomy":"product_cat","embeddable":true,"href":"https:\/\/singuli.wpress.me\/index.php\/wp-json\/wp\/v2\/product_cat?post=41830"},{"taxonomy":"product_tag","embeddable":true,"href":"https:\/\/singuli.wpress.me\/index.php\/wp-json\/wp\/v2\/product_tag?post=41830"}],"curies":[{"name":"wp","href":"https:\/\/api.w.org\/{rel}","templated":true}]}}