{"id":41832,"date":"2026-04-19T15:24:02","date_gmt":"2026-04-19T15:24:02","guid":{"rendered":"https:\/\/singuli.wpress.me\/index.php\/proizvod\/pronto-vosak-za-parket-750-ml\/"},"modified":"2026-04-20T12:33:40","modified_gmt":"2026-04-20T12:33:40","slug":"pronto-vosak-za-parket-750-ml","status":"publish","type":"product","link":"https:\/\/singuli.wpress.me\/index.php\/proizvod\/pronto-vosak-za-parket-750-ml\/","title":{"rendered":"PRONTO, vosak, za parket, 750\u00a0ml"},"content":{"rendered":"<p>Pronto\u00ae Vosak za parkete njeguje, \u0161titi i daje sjaj obra\u0111enim drvenim podovima.<\/p>\n<p><span style=\"font-weight: bold\">Upute za upotrebu:<\/span><br \/>\n&#8211; ZA POLIRANJE: Nanesite nerazrije\u0111enu teku\u0107inu izravno na pod. Pri\u010dekajte najmanje 4 sata prije ponovne upotrebe.<br \/>\n&#8211; ZA \u010cI\u0160\u0106ENJE: 3 \u010depa teku\u0107ine ulijte u 1 litru tople vode<\/p>\n<p>PA\u017dNJA: Ne preporu\u010da se koristiti na parketu koji nije tretiran ili tretiran uljima. Prije upotrebe isprobajte u\u010dinak na malom, manje vidljivom podru\u010dju.<\/p>\n","protected":false},"excerpt":{"rendered":"<p>Brine o parketu<br \/>\n\u0161titi parket i daje mu sjaj<br \/>\nPogodno za \u010di\u0161\u0107enje ili poliranje<\/p>\n","protected":false},"featured_media":0,"template":"","meta":{"_seopress_robots_primary_cat":"","_seopress_titles_title":"","_seopress_titles_desc":"","_seopress_robots_index":"","iawp_total_views":0},"product_brand":[815],"product_cat":[274,238],"product_tag":[],"class_list":{"0":"post-41832","1":"product","2":"type-product","3":"status-publish","5":"product_brand-pronto","6":"product_cat-kucanski-pribor-238","7":"product_cat-sve-za-dom","9":"first","10":"outofstock","11":"shipping-taxable","12":"purchasable","13":"product-type-simple"},"_links":{"self":[{"href":"https:\/\/singuli.wpress.me\/index.php\/wp-json\/wp\/v2\/product\/41832","targetHints":{"allow":["GET"]}}],"collection":[{"href":"https:\/\/singuli.wpress.me\/index.php\/wp-json\/wp\/v2\/product"}],"about":[{"href":"https:\/\/singuli.wpress.me\/index.php\/wp-json\/wp\/v2\/types\/product"}],"version-history":[{"count":0,"href":"https:\/\/singuli.wpress.me\/index.php\/wp-json\/wp\/v2\/product\/41832\/revisions"}],"wp:attachment":[{"href":"https:\/\/singuli.wpress.me\/index.php\/wp-json\/wp\/v2\/media?parent=41832"}],"wp:term":[{"taxonomy":"product_brand","embeddable":true,"href":"https:\/\/singuli.wpress.me\/index.php\/wp-json\/wp\/v2\/product_brand?post=41832"},{"taxonomy":"product_cat","embeddable":true,"href":"https:\/\/singuli.wpress.me\/index.php\/wp-json\/wp\/v2\/product_cat?post=41832"},{"taxonomy":"product_tag","embeddable":true,"href":"https:\/\/singuli.wpress.me\/index.php\/wp-json\/wp\/v2\/product_tag?post=41832"}],"curies":[{"name":"wp","href":"https:\/\/api.w.org\/{rel}","templated":true}]}}