{"id":41835,"date":"2026-04-19T15:24:02","date_gmt":"2026-04-19T15:24:02","guid":{"rendered":"https:\/\/singuli.wpress.me\/index.php\/proizvod\/ondina-x-432-bijelo-medicinsko-ulje-209-l\/"},"modified":"2026-04-20T12:33:40","modified_gmt":"2026-04-20T12:33:40","slug":"ondina-x-432-bijelo-medicinsko-ulje-209-l","status":"publish","type":"product","link":"https:\/\/singuli.wpress.me\/index.php\/proizvod\/ondina-x-432-bijelo-medicinsko-ulje-209-l\/","title":{"rendered":"ONDINA X 432, Bijelo medicinsko ulje, 209\u00a0l"},"content":{"rendered":"<p>Shell Ondina X 432 su visokorafinirana parafinska ili medicinska bijela mineralna ulja bez aromata. Ovaj tip ulja mo\u017ee se koristiti u farmaceutskoj, prehrambenoj industriji (pakiranje hrane), kozmeti\u010dkoj industriji kao i kod TPE\/EPDM aplikacija, gdje se prema zakonodavstvu zahtjeva visoka \u010disto\u0107a ili visoka kvaliteta zavr\u0161nog proizvoda.<\/p>\n<p>Pogodno za pakiranje hrane i druge aplikacije koje dolaze u dodir s hranom koja ispunjava zahtjeve iz Uredbe EU 10\/2011 (prethodna direktiva: 2002\/72\/EC poznata i kao &quot;direktiva o plastici&quot;)<\/p>\n","protected":false},"excerpt":{"rendered":"<p>Izoparafinsko  bijelo mineralno ulje<br \/>\nVisoko rafinirano<br \/>\nIzoparafinsko bijelo mineralno ulje<\/p>\n","protected":false},"featured_media":0,"template":"","meta":{"_seopress_robots_primary_cat":"","_seopress_titles_title":"","_seopress_titles_desc":"","_seopress_robots_index":"","iawp_total_views":0},"product_brand":[866],"product_cat":[243,276],"product_tag":[],"class_list":{"0":"post-41835","1":"product","2":"type-product","3":"status-publish","5":"product_brand-ondina","6":"product_cat-automobili-i-motori","7":"product_cat-industrijska-i-specijalna-ulja-243","9":"first","10":"instock","11":"shipping-taxable","12":"purchasable","13":"product-type-simple"},"_links":{"self":[{"href":"https:\/\/singuli.wpress.me\/index.php\/wp-json\/wp\/v2\/product\/41835","targetHints":{"allow":["GET"]}}],"collection":[{"href":"https:\/\/singuli.wpress.me\/index.php\/wp-json\/wp\/v2\/product"}],"about":[{"href":"https:\/\/singuli.wpress.me\/index.php\/wp-json\/wp\/v2\/types\/product"}],"version-history":[{"count":0,"href":"https:\/\/singuli.wpress.me\/index.php\/wp-json\/wp\/v2\/product\/41835\/revisions"}],"wp:attachment":[{"href":"https:\/\/singuli.wpress.me\/index.php\/wp-json\/wp\/v2\/media?parent=41835"}],"wp:term":[{"taxonomy":"product_brand","embeddable":true,"href":"https:\/\/singuli.wpress.me\/index.php\/wp-json\/wp\/v2\/product_brand?post=41835"},{"taxonomy":"product_cat","embeddable":true,"href":"https:\/\/singuli.wpress.me\/index.php\/wp-json\/wp\/v2\/product_cat?post=41835"},{"taxonomy":"product_tag","embeddable":true,"href":"https:\/\/singuli.wpress.me\/index.php\/wp-json\/wp\/v2\/product_tag?post=41835"}],"curies":[{"name":"wp","href":"https:\/\/api.w.org\/{rel}","templated":true}]}}