{"id":41838,"date":"2026-04-19T15:24:03","date_gmt":"2026-04-19T15:24:03","guid":{"rendered":"https:\/\/singuli.wpress.me\/index.php\/proizvod\/nautilus-premium-outb-2t-motorno-ulje-12x1l-12-l\/"},"modified":"2026-04-20T12:33:40","modified_gmt":"2026-04-20T12:33:40","slug":"nautilus-premium-outb-2t-motorno-ulje-12x1l-12-l","status":"publish","type":"product","link":"https:\/\/singuli.wpress.me\/index.php\/proizvod\/nautilus-premium-outb-2t-motorno-ulje-12x1l-12-l\/","title":{"rendered":"NAUTILUS PREMIUM OUTB.2T, motorno ulje, 12x1l, 12\u00a0l"},"content":{"rendered":"<p>Mazivo visokih performansi za za\u0161titu dvotaktnih benzinskih vanbrodskih motora. Napredna formulacija, koja prema\u0161uje sve standarde proizvo\u0111a\u010da vanbrodskih motora, jamstvo je dugog i pouzdanog vijeka motora.<\/p>\n<p><span style=\"font-weight: bold\">NMMA certifikat TC-W3, Certificirano od NMMA.<\/span><\/p>\n","protected":false},"excerpt":{"rendered":"<p>Ulje za dvotaktne izvanbrodske motore<br \/>\nDugi i pouzdani vijek motora<br \/>\nPogodno za dvotaktne benzinske vanbrodske motore sa ili bez zasebnih spremnika za ulje<\/p>\n","protected":false},"featured_media":0,"template":"","meta":{"_seopress_robots_primary_cat":"","_seopress_titles_title":"","_seopress_titles_desc":"","_seopress_robots_index":"","iawp_total_views":0},"product_brand":[840],"product_cat":[243,276],"product_tag":[],"class_list":{"0":"post-41838","1":"product","2":"type-product","3":"status-publish","5":"product_brand-nautilus","6":"product_cat-automobili-i-motori","7":"product_cat-industrijska-i-specijalna-ulja-243","9":"first","10":"instock","11":"shipping-taxable","12":"purchasable","13":"product-type-simple"},"_links":{"self":[{"href":"https:\/\/singuli.wpress.me\/index.php\/wp-json\/wp\/v2\/product\/41838","targetHints":{"allow":["GET"]}}],"collection":[{"href":"https:\/\/singuli.wpress.me\/index.php\/wp-json\/wp\/v2\/product"}],"about":[{"href":"https:\/\/singuli.wpress.me\/index.php\/wp-json\/wp\/v2\/types\/product"}],"version-history":[{"count":0,"href":"https:\/\/singuli.wpress.me\/index.php\/wp-json\/wp\/v2\/product\/41838\/revisions"}],"wp:attachment":[{"href":"https:\/\/singuli.wpress.me\/index.php\/wp-json\/wp\/v2\/media?parent=41838"}],"wp:term":[{"taxonomy":"product_brand","embeddable":true,"href":"https:\/\/singuli.wpress.me\/index.php\/wp-json\/wp\/v2\/product_brand?post=41838"},{"taxonomy":"product_cat","embeddable":true,"href":"https:\/\/singuli.wpress.me\/index.php\/wp-json\/wp\/v2\/product_cat?post=41838"},{"taxonomy":"product_tag","embeddable":true,"href":"https:\/\/singuli.wpress.me\/index.php\/wp-json\/wp\/v2\/product_tag?post=41838"}],"curies":[{"name":"wp","href":"https:\/\/api.w.org\/{rel}","templated":true}]}}