{"id":41839,"date":"2026-04-19T15:24:03","date_gmt":"2026-04-19T15:24:03","guid":{"rendered":"https:\/\/singuli.wpress.me\/index.php\/proizvod\/nautica-ugostiteljski-secer-bijeli-2000x4g\/"},"modified":"2026-04-20T12:33:40","modified_gmt":"2026-04-20T12:33:40","slug":"nautica-ugostiteljski-secer-bijeli-2000x4g","status":"publish","type":"product","link":"https:\/\/singuli.wpress.me\/index.php\/proizvod\/nautica-ugostiteljski-secer-bijeli-2000x4g\/","title":{"rendered":"NAUTICA, ugostiteljski \u0161e\u0107er, bijeli, 2000x4g"},"content":{"rendered":"<p>Bijeli ugostiteljski \u0161e\u0107er, pakiranje 2000komx4g<\/p>\n","protected":false},"excerpt":{"rendered":"<p>Ugostiteljski \u0161e\u0107er<br \/>\nBijeli \u0161e\u0107er<br \/>\nPakiranje 2000komx4g<\/p>\n","protected":false},"featured_media":0,"template":"","meta":{"_seopress_robots_primary_cat":"","_seopress_titles_title":"","_seopress_titles_desc":"","_seopress_robots_index":"","iawp_total_views":0},"product_brand":[875],"product_cat":[261,270],"product_tag":[],"class_list":{"0":"post-41839","1":"product","2":"type-product","3":"status-publish","5":"product_brand-nautica","6":"product_cat-hrana-i-pice","7":"product_cat-slasticarstvo-261","9":"first","10":"instock","11":"shipping-taxable","12":"purchasable","13":"product-type-simple"},"_links":{"self":[{"href":"https:\/\/singuli.wpress.me\/index.php\/wp-json\/wp\/v2\/product\/41839","targetHints":{"allow":["GET"]}}],"collection":[{"href":"https:\/\/singuli.wpress.me\/index.php\/wp-json\/wp\/v2\/product"}],"about":[{"href":"https:\/\/singuli.wpress.me\/index.php\/wp-json\/wp\/v2\/types\/product"}],"version-history":[{"count":0,"href":"https:\/\/singuli.wpress.me\/index.php\/wp-json\/wp\/v2\/product\/41839\/revisions"}],"wp:attachment":[{"href":"https:\/\/singuli.wpress.me\/index.php\/wp-json\/wp\/v2\/media?parent=41839"}],"wp:term":[{"taxonomy":"product_brand","embeddable":true,"href":"https:\/\/singuli.wpress.me\/index.php\/wp-json\/wp\/v2\/product_brand?post=41839"},{"taxonomy":"product_cat","embeddable":true,"href":"https:\/\/singuli.wpress.me\/index.php\/wp-json\/wp\/v2\/product_cat?post=41839"},{"taxonomy":"product_tag","embeddable":true,"href":"https:\/\/singuli.wpress.me\/index.php\/wp-json\/wp\/v2\/product_tag?post=41839"}],"curies":[{"name":"wp","href":"https:\/\/api.w.org\/{rel}","templated":true}]}}