{"id":41844,"date":"2026-04-19T15:24:06","date_gmt":"2026-04-19T15:24:06","guid":{"rendered":"https:\/\/singuli.wpress.me\/index.php\/proizvod\/lavazza-cappucino-salica-6-kom-2\/"},"modified":"2026-04-20T12:33:40","modified_gmt":"2026-04-20T12:33:40","slug":"lavazza-cappucino-salica-6-kom-2","status":"publish","type":"product","link":"https:\/\/singuli.wpress.me\/index.php\/proizvod\/lavazza-cappucino-salica-6-kom-2\/","title":{"rendered":"LAVAZZA Cappucino, \u0161alica, 6\u00a0kom"},"content":{"rendered":"<p>Elegantna \u0161alica \u010dija <b>prozirnost<\/b> pru\u017ea profinjeni dodir svakom poslu\u017eivanju kave. Oblik <b>skra\u0107enog sto\u0161ca<\/b> je klju\u010dan za odr\u017eavanje \u010dvrste i postojane espresso kreme. \u0160alice su dostupne u pakiranju od <b>6 komada<\/b>.<\/p>\n","protected":false},"excerpt":{"rendered":"<p>Prozirna elegancija<br \/>\nSkra\u0107eni sto\u017eac za o\u010duvanje espresso kreme<br \/>\nSet od 6 \u0161alica<\/p>\n","protected":false},"featured_media":0,"template":"","meta":{"_seopress_robots_primary_cat":"","_seopress_titles_title":"","_seopress_titles_desc":"","_seopress_robots_index":"","iawp_total_views":0},"product_brand":[393],"product_cat":[274,238],"product_tag":[],"class_list":{"0":"post-41844","1":"product","2":"type-product","3":"status-publish","5":"product_brand-lavazza","6":"product_cat-kucanski-pribor-238","7":"product_cat-sve-za-dom","9":"first","10":"instock","11":"shipping-taxable","12":"purchasable","13":"product-type-simple"},"_links":{"self":[{"href":"https:\/\/singuli.wpress.me\/index.php\/wp-json\/wp\/v2\/product\/41844","targetHints":{"allow":["GET"]}}],"collection":[{"href":"https:\/\/singuli.wpress.me\/index.php\/wp-json\/wp\/v2\/product"}],"about":[{"href":"https:\/\/singuli.wpress.me\/index.php\/wp-json\/wp\/v2\/types\/product"}],"version-history":[{"count":0,"href":"https:\/\/singuli.wpress.me\/index.php\/wp-json\/wp\/v2\/product\/41844\/revisions"}],"wp:attachment":[{"href":"https:\/\/singuli.wpress.me\/index.php\/wp-json\/wp\/v2\/media?parent=41844"}],"wp:term":[{"taxonomy":"product_brand","embeddable":true,"href":"https:\/\/singuli.wpress.me\/index.php\/wp-json\/wp\/v2\/product_brand?post=41844"},{"taxonomy":"product_cat","embeddable":true,"href":"https:\/\/singuli.wpress.me\/index.php\/wp-json\/wp\/v2\/product_cat?post=41844"},{"taxonomy":"product_tag","embeddable":true,"href":"https:\/\/singuli.wpress.me\/index.php\/wp-json\/wp\/v2\/product_tag?post=41844"}],"curies":[{"name":"wp","href":"https:\/\/api.w.org\/{rel}","templated":true}]}}