{"id":41845,"date":"2026-04-19T15:24:06","date_gmt":"2026-04-19T15:24:06","guid":{"rendered":"https:\/\/singuli.wpress.me\/index.php\/proizvod\/rimula-r6-lm-10w40-motorno-ulje-za-gospodarska-vozila-1000-l\/"},"modified":"2026-04-20T12:33:40","modified_gmt":"2026-04-20T12:33:40","slug":"rimula-r6-lm-10w40-motorno-ulje-za-gospodarska-vozila-1000-l","status":"publish","type":"product","link":"https:\/\/singuli.wpress.me\/index.php\/proizvod\/rimula-r6-lm-10w40-motorno-ulje-za-gospodarska-vozila-1000-l\/","title":{"rendered":"RIMULA R6 LM 10W40, motorno ulje za gospodarska vozila, 1000\u00a0l"},"content":{"rendered":"<p>Potpuno sinteti\u010dko ulje za dizelske motore gospodarskih  vozila. <\/p>\n<p>Zahvaljuju\u0107i aktivnoj za\u0161titi s formulacijom aditiva s niskim sadr\u017eajem pepela, sumpora i fosfora (Low-SAPS) omogu\u0107ava u\u0161tedu u odr\u017eavanju, kompatibilnost sa sustavima ispu\u0161nih plinova, smanjeno tro\u0161enje i nastajanje taloga, u\u0161teda pri potro\u0161nji goriva. <\/p>\n<p>Glavne primjene su za cestovna gospodarska vozila, za motore s niskom emisijom \u0161tetnih plinova, za vozila koja koriste prirodni plin (CNG).<\/p>\n<p><span style=\"font-weight: bold\">Specifikacija<\/span>: ACEA E6, E9, E7,  API CK-4, CJ-4, Caterpillar ECF-3, ECF-2, Cummins CES 20086, 20081, DAF udovoljava ACEA E6, Deutz DQC IV-18LA, Detroit Fluid Specification 93K222, 93K218, Iveco NG2, JASO DH-2, Mack EO-S 4.5, EO-O Premium Plus, MAN M3477, M3271-1, MB odobrenje 228.51, MTU kategorija 3.1, Renault Trucks RLD-3, Volvo VDS-4, VDS-4.5, Scania Low Ash, Iveco NG2 (ispunjava zahtjeve).<\/p>\n","protected":false},"excerpt":{"rendered":"<p>Niski sadr\u017eaj pepela, sumpora i fosfora<br \/>\nGlavne primjene su za cestovna vozila i za motore s niskom emisijom \u0161tetnih plinova te za vozila koja koriste prirodni plin<br \/>\nSpecifikacija u opisu<\/p>\n","protected":false},"featured_media":0,"template":"","meta":{"_seopress_robots_primary_cat":"","_seopress_titles_title":"","_seopress_titles_desc":"","_seopress_robots_index":"","iawp_total_views":0},"product_brand":[469],"product_cat":[243,276,272],"product_tag":[],"class_list":{"0":"post-41845","1":"product","2":"type-product","3":"status-publish","5":"product_brand-rimula","6":"product_cat-automobili-i-motori","7":"product_cat-industrijska-i-specijalna-ulja-243","8":"product_cat-motorna-ulja-243","10":"first","11":"outofstock","12":"shipping-taxable","13":"purchasable","14":"product-type-simple"},"_links":{"self":[{"href":"https:\/\/singuli.wpress.me\/index.php\/wp-json\/wp\/v2\/product\/41845","targetHints":{"allow":["GET"]}}],"collection":[{"href":"https:\/\/singuli.wpress.me\/index.php\/wp-json\/wp\/v2\/product"}],"about":[{"href":"https:\/\/singuli.wpress.me\/index.php\/wp-json\/wp\/v2\/types\/product"}],"version-history":[{"count":0,"href":"https:\/\/singuli.wpress.me\/index.php\/wp-json\/wp\/v2\/product\/41845\/revisions"}],"wp:attachment":[{"href":"https:\/\/singuli.wpress.me\/index.php\/wp-json\/wp\/v2\/media?parent=41845"}],"wp:term":[{"taxonomy":"product_brand","embeddable":true,"href":"https:\/\/singuli.wpress.me\/index.php\/wp-json\/wp\/v2\/product_brand?post=41845"},{"taxonomy":"product_cat","embeddable":true,"href":"https:\/\/singuli.wpress.me\/index.php\/wp-json\/wp\/v2\/product_cat?post=41845"},{"taxonomy":"product_tag","embeddable":true,"href":"https:\/\/singuli.wpress.me\/index.php\/wp-json\/wp\/v2\/product_tag?post=41845"}],"curies":[{"name":"wp","href":"https:\/\/api.w.org\/{rel}","templated":true}]}}