{"id":41848,"date":"2026-04-19T15:24:08","date_gmt":"2026-04-19T15:24:08","guid":{"rendered":"https:\/\/singuli.wpress.me\/index.php\/proizvod\/barbie-igracka-sportski-set\/"},"modified":"2026-04-20T12:33:40","modified_gmt":"2026-04-20T12:33:40","slug":"barbie-igracka-sportski-set","status":"publish","type":"product","link":"https:\/\/singuli.wpress.me\/index.php\/proizvod\/barbie-igracka-sportski-set\/","title":{"rendered":"BARBIE, igra\u010dka, sportski set"},"content":{"rendered":"<p>Otkrij sportske karijere sa Barbie!<\/p>\n<p>U pakiranju je dnevnik sa kreacijama \u2013 sa mnogo Barbie za odjenuti i mnogo kreativnih aktivnosti. Naljepnice koje mo\u017ee\u0161 izrezivati i lijepiti na Barbie, \u0161ablone sa personaliziranim Barbi odjevnim kreacijama i 6 olovaka da tvoj dnevnik bude unikatan! Ilustrirana knji\u017eica pokazuje ti \u0161to da radi\u0161. Jesi spremna odjenuti svoju Barbie? Mo\u017ee\u0161 biti \u0161to po\u017eeli\u0161! Zabavi se!<\/p>\n<p>Bok! Koji je tvoj omiljeni sport? Surfanje, plesanje, gimnastika&#8230;. Zabavi se ovom igrom u kojoj mo\u017ee\u0161 obu\u0107i svoju Barbie u razne kombinacije i zapamti da mo\u017ee\u0161 biti bilo koja sporta\u0161ica koja po\u017eeli\u0161. U pakiranju je dnevnik sa kreacijama \u2013 sa mnogo Barbie za odjenuti i mnogo kreativnih aktivnosti. Naljepnice koje mo\u017ee\u0161 izrezivati i lijepiti na Barbie, \u0161ablone sa personaliziranim Barbi odjevnim kreacijama i 6 olovaka da tvoj dnevnik bude unikatan! Ilustrirana knji\u017eica pokazuje ti \u0161to da radi\u0161. Jesi spremna odjenuti svoju Barbie? Mo\u017ee\u0161 biti \u0161to po\u017eeli\u0161! Zabavi se!<\/p>\n<p><span style=\"font-weight: bold\">SADR\u017dAJ:<\/span> bo\u010dica za vodu, dnevnik sa kreacijama, naljepnice , \u0161ablone, 6 olovaka; knji\u017eica. Pakiranje ne sadr\u017ei \u0161kare i ljepilo.<\/p>\n<p><span style=\"font-weight: bold\">KNJI\u017dICA<\/span> (upi\u0161i ime i omiljeni sport); Jesi li spremna odjenuti svoju Barbie \u2013 nau\u010dit \u0107u te kako! Prvo uzmi svoj kreativni dnevnik i upi\u0161i svoje ime na korice! Na stranicama \u0107e\u0161 prona\u0107i Barbie u njenim kreacijama koje treba\u0161 odjenuti; Na stranicama \u0107e\u0161 prona\u0107i u pitanju (engleski jezik)) o kojem se sportu radi kao i neke jednostavne zadatke (engleski jezik); potom \u0107e\u0161 morati prona\u0107i odgovaraju\u0107u odje\u0107u za sport u naljepnicama;  ako je potrebno u knji\u017eici mo\u017ee\u0161 prona\u0107i ispravnu kombinaciju \u2013 slike svih Barbie u njihovoj odjevnoj kombinaciji; jednom kad odabere\u0161 ispravnu kombinaciju sa naljepnica \u2013 mo\u017ee\u0161 \u0161karama izrezati \u201eodje\u0107u\u201c i zalijepiti je na Barbie! (slika 1);<\/p>\n<p><span style=\"font-weight: bold\">KORI\u0160TENJE \u0160ABLONE:<\/span> odaberi \u0161ablonu koja ti se svi\u0111a \u2013 postavi je na obojeni papir; Pazi da ne pomi\u010de\u0161 \u0161ablonu i koriste\u0107i olovku \u2013 iscrtaj trag po \u0161abloni; izre\u017ei trag (oblik) \u2013 dodaj malo ljepila na pole\u0111inu i zalijepi u dnevnik (slika 2); Mo\u017ee\u0161 dekorirati stranice kako god \u017eeli\u0161, koriste\u0107i sportske naljepnice zajedno sa odjevnim kombinacijama, olovkama i \u010dime god po\u017eeli\u0161. Zabavi se s aktivnostima unutar dnevnika \u2013 krenimo trenirati! (slika 3)<\/p>\n<p>Veli\u010dina pakiranja: \u0160 33 cm \/ V 27 cm \/ D 8 cm<\/p>\n<p>Dob: 5+ godine<\/p>\n<p>bo\u010dica za vodu, dnevnik sa kreacijama, naljepnice , \u0161ablone, 6 olovaka; knji\u017eica. Pakiranje ne sadr\u017ei \u0161kare i ljepilo.<\/p>\n","protected":false},"excerpt":{"rendered":"<p>Bo\u010dica za vodu i knji\u017eica kombinacija<br \/>\nVeli\u010dina pakiranja: \u0160 33 cm \/ V 27 cm \/ D 8 cm<br \/>\nDob: 5+god<\/p>\n","protected":false},"featured_media":0,"template":"","meta":{"_seopress_robots_primary_cat":"","_seopress_titles_title":"","_seopress_titles_desc":"","_seopress_robots_index":"","iawp_total_views":0},"product_brand":[324],"product_cat":[274,238],"product_tag":[],"class_list":{"0":"post-41848","1":"product","2":"type-product","3":"status-publish","5":"product_brand-barbie","6":"product_cat-kucanski-pribor-238","7":"product_cat-sve-za-dom","9":"first","10":"outofstock","11":"shipping-taxable","12":"purchasable","13":"product-type-simple"},"_links":{"self":[{"href":"https:\/\/singuli.wpress.me\/index.php\/wp-json\/wp\/v2\/product\/41848","targetHints":{"allow":["GET"]}}],"collection":[{"href":"https:\/\/singuli.wpress.me\/index.php\/wp-json\/wp\/v2\/product"}],"about":[{"href":"https:\/\/singuli.wpress.me\/index.php\/wp-json\/wp\/v2\/types\/product"}],"version-history":[{"count":0,"href":"https:\/\/singuli.wpress.me\/index.php\/wp-json\/wp\/v2\/product\/41848\/revisions"}],"wp:attachment":[{"href":"https:\/\/singuli.wpress.me\/index.php\/wp-json\/wp\/v2\/media?parent=41848"}],"wp:term":[{"taxonomy":"product_brand","embeddable":true,"href":"https:\/\/singuli.wpress.me\/index.php\/wp-json\/wp\/v2\/product_brand?post=41848"},{"taxonomy":"product_cat","embeddable":true,"href":"https:\/\/singuli.wpress.me\/index.php\/wp-json\/wp\/v2\/product_cat?post=41848"},{"taxonomy":"product_tag","embeddable":true,"href":"https:\/\/singuli.wpress.me\/index.php\/wp-json\/wp\/v2\/product_tag?post=41848"}],"curies":[{"name":"wp","href":"https:\/\/api.w.org\/{rel}","templated":true}]}}