{"id":41855,"date":"2026-04-19T15:24:11","date_gmt":"2026-04-19T15:24:11","guid":{"rendered":"https:\/\/singuli.wpress.me\/index.php\/proizvod\/revlon-fast-and-light-susilo-za-kosu\/"},"modified":"2026-04-20T12:33:41","modified_gmt":"2026-04-20T12:33:41","slug":"revlon-fast-and-light-susilo-za-kosu","status":"publish","type":"product","link":"https:\/\/singuli.wpress.me\/index.php\/proizvod\/revlon-fast-and-light-susilo-za-kosu\/","title":{"rendered":"REVLON Fast and Light, su\u0161ilo za kosu"},"content":{"rendered":"<p>Revlon Fast and Light sna\u017eno je su\u0161ilo za kosu snage 2000 W, koje omogu\u0107uje brzu i jednostavnu njegu kose. Omogu\u0107uje odabir tri temperature i dvije brzine, \u0161to omogu\u0107uje fleksibilnost u su\u0161enju i oblikovanju. Za savr\u0161enu zavr\u0161nicu, su\u0161ilo ima i funkciju hladnog su\u0161enja, koja pru\u017ea nje\u017enu njegu i dugotrajnu frizuru.Osim toga, su\u0161ilo ima integriranu funkciju ionizacije s kerami\u010dkim premazom koji stvara negativno nabijene ione koji eliminiraju stati\u010dki elektricitet i osiguravaju sjajnu kosu bez ispucalih vrhova. Su\u0161ilo tako\u0111er ima koncentrator za gla\u010danje za precizno su\u0161enje i oblikovanje, a dizajnirano je s kompaktnim i laganim dizajnom, \u0161to ga \u010dini jednostavnim za kori\u0161tenje kod ku\u0107e ili u pokretu.<\/p>\n<p>&#8211; IONSKI KERAMI\u010cKI PREMAZ &#8211; Za sjajnu kosu bez struje.<br \/>\n&#8211; 3 POSTAVKE TEMPERATURE \/ 2 POSTAVKE BRZINE I GUMB ZA HLA\u0110ENO SU\u0160ENJE &#8211; Za potpuno su\u0161enje i fleksibilnost oblikovanja.<br \/>\n&#8211; KONCENTRATOR ZAGLA\u0110IVANJA &#8211; Za precizno su\u0161enje i oblikovanje kose.<br \/>\n&#8211; KOMPAKTAN I LAGAN DIZAJN<\/p>\n<p>Tehni\u010dki detalji:<br \/>\n&#8211; Boja: crno-roza<br \/>\n&#8211; Snaga: 2000 W<br \/>\n&#8211; Postavke temperature: 3<br \/>\n&#8211; Brzine: 2<br \/>\n&#8211; Hladno su\u0161enje: da<br \/>\n&#8211; Funkcija ionizacije: da<br \/>\n&#8211; Uklju\u010deni dodaci: koncentrator<br \/>\n&#8211; Jamstvo: 2 godine<\/p>\n","protected":false},"excerpt":{"rendered":"<p>Za sjajnu kosu bez stati\u010dkog elektriciteta<br \/>\nZa potpuno su\u0161enje i fleksibilnost oblikovanja<br \/>\nKompaktan i lagan dizajn<\/p>\n","protected":false},"featured_media":0,"template":"","meta":{"_seopress_robots_primary_cat":"","_seopress_titles_title":"","_seopress_titles_desc":"","_seopress_robots_index":"","iawp_total_views":0},"product_brand":[155],"product_cat":[192,319],"product_tag":[],"class_list":{"0":"post-41855","1":"product","2":"type-product","3":"status-publish","5":"product_brand-revlon","6":"product_cat-aparati-za-osobnu-njegu","7":"product_cat-susila-za-kosu-pegla-i-uvijaci-192","9":"first","10":"instock","11":"shipping-taxable","12":"purchasable","13":"product-type-simple"},"_links":{"self":[{"href":"https:\/\/singuli.wpress.me\/index.php\/wp-json\/wp\/v2\/product\/41855","targetHints":{"allow":["GET"]}}],"collection":[{"href":"https:\/\/singuli.wpress.me\/index.php\/wp-json\/wp\/v2\/product"}],"about":[{"href":"https:\/\/singuli.wpress.me\/index.php\/wp-json\/wp\/v2\/types\/product"}],"version-history":[{"count":0,"href":"https:\/\/singuli.wpress.me\/index.php\/wp-json\/wp\/v2\/product\/41855\/revisions"}],"wp:attachment":[{"href":"https:\/\/singuli.wpress.me\/index.php\/wp-json\/wp\/v2\/media?parent=41855"}],"wp:term":[{"taxonomy":"product_brand","embeddable":true,"href":"https:\/\/singuli.wpress.me\/index.php\/wp-json\/wp\/v2\/product_brand?post=41855"},{"taxonomy":"product_cat","embeddable":true,"href":"https:\/\/singuli.wpress.me\/index.php\/wp-json\/wp\/v2\/product_cat?post=41855"},{"taxonomy":"product_tag","embeddable":true,"href":"https:\/\/singuli.wpress.me\/index.php\/wp-json\/wp\/v2\/product_tag?post=41855"}],"curies":[{"name":"wp","href":"https:\/\/api.w.org\/{rel}","templated":true}]}}