{"id":41862,"date":"2026-04-19T15:24:14","date_gmt":"2026-04-19T15:24:14","guid":{"rendered":"https:\/\/singuli.wpress.me\/index.php\/proizvod\/duck-biodegradable-coastal-forest-gel-za-ciscenje-wc-skoljke-750-ml\/"},"modified":"2026-04-20T12:33:41","modified_gmt":"2026-04-20T12:33:41","slug":"duck-biodegradable-coastal-forest-gel-za-ciscenje-wc-skoljke-750-ml","status":"publish","type":"product","link":"https:\/\/singuli.wpress.me\/index.php\/proizvod\/duck-biodegradable-coastal-forest-gel-za-ciscenje-wc-skoljke-750-ml\/","title":{"rendered":"DUCK Biodegradable Coastal Forest, gel, za \u010di\u0161\u0107enje wc \u0161koljke, 750\u00a0ml"},"content":{"rendered":"<p>Duck\u00ae Biodegradable formula Coastal Forest, gel za \u010di\u0161\u0107enje WC \u0161koljke uklanja ne\u010disto\u0107e kamenac, \u010dak i ispod ruba WC \u0161koljke. Uklanja neugodne mirise i osvje\u017eava Va\u0161 WC. Dizajniran je s oceanom na umu te sadr\u017ei biorazgradivu formulu za izvrsno \u010distu WC \u0161koljku. Ambala\u017ea napravljena od 35% kori\u0161tene reciklirane plastike prikupljene u blizini mora i oceana.<\/p>\n<p>UPUTE ZA UPORABU:<br \/>\n1. Podignite dasku WC \u0161koljke. <br \/>\n2. Kako biste otvorili proizvod, stisnite \u010dep s obje strane i odvrnite. <br \/>\n3. Nagnite proizvod kako bi se vrat napunio gelom, ravnomjerno nanesite gel ispod ruba WC \u0161koljke <br \/>\n4. Pro\u010detkajte cijelu WC \u0161koljku i zatim pustite vodu. <br \/>\n5. Proizvod \u010dvrsto zatvorite nakon uporabe. <br \/>\n6. Koristite redovito kako bi WC ostao svje\u017e i \u010dist. <br \/>\n7. Operite i osu\u0161ite ruke nakon uporabe.<\/p>\n","protected":false},"excerpt":{"rendered":"<p>Uklanja kamenac i ne\u010disto\u0107e<br \/>\nUklanja neugodne mirise<br \/>\nSadr\u017ei biorazgradivu formulu<\/p>\n","protected":false},"featured_media":0,"template":"","meta":{"_seopress_robots_primary_cat":"","_seopress_titles_title":"","_seopress_titles_desc":"","_seopress_robots_index":"","iawp_total_views":0},"product_brand":[410],"product_cat":[284,238],"product_tag":[],"class_list":{"0":"post-41862","1":"product","2":"type-product","3":"status-publish","5":"product_brand-duck","6":"product_cat-sredstva-za-ciscenje-238","7":"product_cat-sve-za-dom","9":"first","10":"outofstock","11":"shipping-taxable","12":"purchasable","13":"product-type-simple"},"_links":{"self":[{"href":"https:\/\/singuli.wpress.me\/index.php\/wp-json\/wp\/v2\/product\/41862","targetHints":{"allow":["GET"]}}],"collection":[{"href":"https:\/\/singuli.wpress.me\/index.php\/wp-json\/wp\/v2\/product"}],"about":[{"href":"https:\/\/singuli.wpress.me\/index.php\/wp-json\/wp\/v2\/types\/product"}],"version-history":[{"count":0,"href":"https:\/\/singuli.wpress.me\/index.php\/wp-json\/wp\/v2\/product\/41862\/revisions"}],"wp:attachment":[{"href":"https:\/\/singuli.wpress.me\/index.php\/wp-json\/wp\/v2\/media?parent=41862"}],"wp:term":[{"taxonomy":"product_brand","embeddable":true,"href":"https:\/\/singuli.wpress.me\/index.php\/wp-json\/wp\/v2\/product_brand?post=41862"},{"taxonomy":"product_cat","embeddable":true,"href":"https:\/\/singuli.wpress.me\/index.php\/wp-json\/wp\/v2\/product_cat?post=41862"},{"taxonomy":"product_tag","embeddable":true,"href":"https:\/\/singuli.wpress.me\/index.php\/wp-json\/wp\/v2\/product_tag?post=41862"}],"curies":[{"name":"wp","href":"https:\/\/api.w.org\/{rel}","templated":true}]}}