{"id":41870,"date":"2026-04-19T15:24:16","date_gmt":"2026-04-19T15:24:16","guid":{"rendered":"https:\/\/singuli.wpress.me\/index.php\/proizvod\/gillette-mach3-mach3-brijac-s-zamjenskim-britvicama-5-kom\/"},"modified":"2026-04-20T12:33:41","modified_gmt":"2026-04-20T12:33:41","slug":"gillette-mach3-mach3-brijac-s-zamjenskim-britvicama-5-kom","status":"publish","type":"product","link":"https:\/\/singuli.wpress.me\/index.php\/proizvod\/gillette-mach3-mach3-brijac-s-zamjenskim-britvicama-5-kom\/","title":{"rendered":"GILLETTE Mach3 Mach3, brija\u010d s zamjenskim britvicama, 5\u00a0kom"},"content":{"rendered":"<p>Brija\u010d za mu\u0161karce Gillette Mach3 s 3 o\u0161trice, dizajniran je za klasi\u010dno temeljito brijanje. <br \/>\nBrija\u010d za mu\u0161karce s 3 o\u0161trice ima pobolj\u0161ana lubrikantna trakica za bolje klizanje*. <br \/>\nU\u017eivajte u novoj elegantnoj dr\u0161ci britvice koja dobro le\u017ei u ruci i temeljitom brijanju sa stilom .. Brija\u010d za mu\u0161karce s lubrikantnom trakicom ima o\u0161trice sna\u017enije od \u010delika koje \u0107e vam omogu\u0107iti do 15 ugodnih brijanja. <br \/>\nBrinete se da ne\u0107e odgovarati va\u0161oj dr\u0161ki Gillette? <br \/>\nSve na\u0161e britvice Mach3 odgovaraju svim dr\u0161kama brija\u010da Mach3. *u odnosu na dosada\u0161nji Mach3<\/p>\n","protected":false},"excerpt":{"rendered":"<p>Smanjena iritacija od brijanja<br \/>\nTemeljito brijanje bez gnjava\u017ee<br \/>\nPremium dr\u0161ka brija\u010da od nehr\u0111aju\u0107eg \u010delika<\/p>\n","protected":false},"featured_media":0,"template":"","meta":{"_seopress_robots_primary_cat":"","_seopress_titles_title":"","_seopress_titles_desc":"","_seopress_robots_index":"","iawp_total_views":0},"product_brand":[323],"product_cat":[280,192,279],"product_tag":[],"class_list":{"0":"post-41870","1":"product","2":"type-product","3":"status-publish","5":"product_brand-gillette","6":"product_cat-aparati-za-muskarce-279","7":"product_cat-aparati-za-osobnu-njegu","8":"product_cat-brijanje-i-sisanje-192","10":"first","11":"outofstock","12":"shipping-taxable","13":"purchasable","14":"product-type-simple"},"_links":{"self":[{"href":"https:\/\/singuli.wpress.me\/index.php\/wp-json\/wp\/v2\/product\/41870","targetHints":{"allow":["GET"]}}],"collection":[{"href":"https:\/\/singuli.wpress.me\/index.php\/wp-json\/wp\/v2\/product"}],"about":[{"href":"https:\/\/singuli.wpress.me\/index.php\/wp-json\/wp\/v2\/types\/product"}],"version-history":[{"count":0,"href":"https:\/\/singuli.wpress.me\/index.php\/wp-json\/wp\/v2\/product\/41870\/revisions"}],"wp:attachment":[{"href":"https:\/\/singuli.wpress.me\/index.php\/wp-json\/wp\/v2\/media?parent=41870"}],"wp:term":[{"taxonomy":"product_brand","embeddable":true,"href":"https:\/\/singuli.wpress.me\/index.php\/wp-json\/wp\/v2\/product_brand?post=41870"},{"taxonomy":"product_cat","embeddable":true,"href":"https:\/\/singuli.wpress.me\/index.php\/wp-json\/wp\/v2\/product_cat?post=41870"},{"taxonomy":"product_tag","embeddable":true,"href":"https:\/\/singuli.wpress.me\/index.php\/wp-json\/wp\/v2\/product_tag?post=41870"}],"curies":[{"name":"wp","href":"https:\/\/api.w.org\/{rel}","templated":true}]}}