{"id":41875,"date":"2026-04-19T15:24:19","date_gmt":"2026-04-19T15:24:19","guid":{"rendered":"https:\/\/singuli.wpress.me\/index.php\/proizvod\/old-spice-booster-gel-za-tusiranje-i-sampon-400-ml\/"},"modified":"2026-04-20T12:33:41","modified_gmt":"2026-04-20T12:33:41","slug":"old-spice-booster-gel-za-tusiranje-i-sampon-400-ml","status":"publish","type":"product","link":"https:\/\/singuli.wpress.me\/index.php\/proizvod\/old-spice-booster-gel-za-tusiranje-i-sampon-400-ml\/","title":{"rendered":"OLD SPICE Booster, gel za tu\u0161iranje i \u0161ampon, 400\u00a0ml"},"content":{"rendered":"<p>Igraj mo\u0107no. Okupaj se u \u010distoj mo\u0107i. Mo\u0107. Svi je \u017eele. Ali, ne zapo\u010dinje svima dan tako da se kupaju u njoj. <\/p>\n<p>Formulirali smo gel za tu\u0161iranje Old Spice Booster za mu\u0161karce koji znaju kako dobro mirisati i \u017eele da mo\u0107 prodre u svaku njihovu poru. <\/p>\n<p>Osvje\u017eavaju\u0107a pjena smlavit \u0107e prljav\u0161tinu i neugodan miris na tvom tijelu. A mo\u0107an miris gela Old Spice pretvorit \u0107e i najobi\u010dniju kupaonicu u svla\u010dionicu vladara svijeta. Isperi ostatke slabosti s povr\u0161ine ko\u017ee i pusti da tvoja unutarnja snaga zablista mu\u017eevno\u0161\u0107u. <\/p>\n<p>Osvje\u017eavaju\u0107a pjena nokautira prljav\u0161tinu i neugodne mirise, hvata ih u kravatu, a onda jo\u0161 opali sklopivom stolicom.<\/p>\n","protected":false},"excerpt":{"rendered":"<p>2u1: gel za tu\u0161iranje i \u0161ampon<br \/>\nOsvje\u017eavaju\u0107a pjena ispire prljav\u0161tinu i neugodne mirise<br \/>\n\u0160titi vas od znojenja i neugodnih mirisa<\/p>\n","protected":false},"featured_media":0,"template":"","meta":{"_seopress_robots_primary_cat":"","_seopress_titles_title":"","_seopress_titles_desc":"","_seopress_robots_index":"","iawp_total_views":0},"product_brand":[448],"product_cat":[268,278],"product_tag":[],"class_list":{"0":"post-41875","1":"product","2":"type-product","3":"status-publish","5":"product_brand-old-spice","6":"product_cat-kozmetika-2","7":"product_cat-njega-tijela-268","9":"first","10":"outofstock","11":"shipping-taxable","12":"purchasable","13":"product-type-simple"},"_links":{"self":[{"href":"https:\/\/singuli.wpress.me\/index.php\/wp-json\/wp\/v2\/product\/41875","targetHints":{"allow":["GET"]}}],"collection":[{"href":"https:\/\/singuli.wpress.me\/index.php\/wp-json\/wp\/v2\/product"}],"about":[{"href":"https:\/\/singuli.wpress.me\/index.php\/wp-json\/wp\/v2\/types\/product"}],"version-history":[{"count":0,"href":"https:\/\/singuli.wpress.me\/index.php\/wp-json\/wp\/v2\/product\/41875\/revisions"}],"wp:attachment":[{"href":"https:\/\/singuli.wpress.me\/index.php\/wp-json\/wp\/v2\/media?parent=41875"}],"wp:term":[{"taxonomy":"product_brand","embeddable":true,"href":"https:\/\/singuli.wpress.me\/index.php\/wp-json\/wp\/v2\/product_brand?post=41875"},{"taxonomy":"product_cat","embeddable":true,"href":"https:\/\/singuli.wpress.me\/index.php\/wp-json\/wp\/v2\/product_cat?post=41875"},{"taxonomy":"product_tag","embeddable":true,"href":"https:\/\/singuli.wpress.me\/index.php\/wp-json\/wp\/v2\/product_tag?post=41875"}],"curies":[{"name":"wp","href":"https:\/\/api.w.org\/{rel}","templated":true}]}}