{"id":41876,"date":"2026-04-19T15:24:20","date_gmt":"2026-04-19T15:24:20","guid":{"rendered":"https:\/\/singuli.wpress.me\/index.php\/proizvod\/bildo-peppa-pig-igracka-set-za-igru-i-modeliranje\/"},"modified":"2026-04-20T12:33:41","modified_gmt":"2026-04-20T12:33:41","slug":"bildo-peppa-pig-igracka-set-za-igru-i-modeliranje","status":"publish","type":"product","link":"https:\/\/singuli.wpress.me\/index.php\/proizvod\/bildo-peppa-pig-igracka-set-za-igru-i-modeliranje\/","title":{"rendered":"BILDO Peppa Pig, igra\u010dka, set za igru i modeliranje"},"content":{"rendered":"<p>Peppa pig set za igru i modeliranje sadr\u017ei 3 x 30 grama smjese za modeliranje, 4 Peppa Pig modlice, 4 modlice razli\u010ditih oblika, 2 alata za modeliranje.<\/p>\n<p>U\u017eivaj i kreiraj uz omiljenu Peppu.<\/p>\n<p>Dob: 3+<\/p>\n","protected":false},"excerpt":{"rendered":"<p>Sadr\u017ei vi\u0161e komponenti<br \/>\nKreativna igra<br \/>\nDob: 3+ god<\/p>\n","protected":false},"featured_media":0,"template":"","meta":{"_seopress_robots_primary_cat":"","_seopress_titles_title":"","_seopress_titles_desc":"","_seopress_robots_index":"","iawp_total_views":0},"product_brand":[512],"product_cat":[221,291],"product_tag":[],"class_list":{"0":"post-41876","1":"product","2":"type-product","3":"status-publish","5":"product_brand-bildo","6":"product_cat-igracke","7":"product_cat-igracke-za-djecu-221","9":"first","10":"outofstock","11":"shipping-taxable","12":"purchasable","13":"product-type-simple"},"_links":{"self":[{"href":"https:\/\/singuli.wpress.me\/index.php\/wp-json\/wp\/v2\/product\/41876","targetHints":{"allow":["GET"]}}],"collection":[{"href":"https:\/\/singuli.wpress.me\/index.php\/wp-json\/wp\/v2\/product"}],"about":[{"href":"https:\/\/singuli.wpress.me\/index.php\/wp-json\/wp\/v2\/types\/product"}],"version-history":[{"count":0,"href":"https:\/\/singuli.wpress.me\/index.php\/wp-json\/wp\/v2\/product\/41876\/revisions"}],"wp:attachment":[{"href":"https:\/\/singuli.wpress.me\/index.php\/wp-json\/wp\/v2\/media?parent=41876"}],"wp:term":[{"taxonomy":"product_brand","embeddable":true,"href":"https:\/\/singuli.wpress.me\/index.php\/wp-json\/wp\/v2\/product_brand?post=41876"},{"taxonomy":"product_cat","embeddable":true,"href":"https:\/\/singuli.wpress.me\/index.php\/wp-json\/wp\/v2\/product_cat?post=41876"},{"taxonomy":"product_tag","embeddable":true,"href":"https:\/\/singuli.wpress.me\/index.php\/wp-json\/wp\/v2\/product_tag?post=41876"}],"curies":[{"name":"wp","href":"https:\/\/api.w.org\/{rel}","templated":true}]}}