{"id":41878,"date":"2026-04-19T15:24:20","date_gmt":"2026-04-19T15:24:20","guid":{"rendered":"https:\/\/singuli.wpress.me\/index.php\/proizvod\/gillette-venus-extra-smooth-brijac-s-zamjenskom-britvicom\/"},"modified":"2026-04-21T00:27:13","modified_gmt":"2026-04-21T00:27:13","slug":"gillette-venus-extra-smooth-brijac-s-zamjenskom-britvicom","status":"publish","type":"product","link":"https:\/\/singuli.wpress.me\/index.php\/proizvod\/gillette-venus-extra-smooth-brijac-s-zamjenskom-britvicom\/","title":{"rendered":"GILLETTE Venus Extra Smooth, brija\u010d s zamjenskom britvicom"},"content":{"rendered":"<p>U\u017eivajte u temeljitom i ugodnom brijanju s brija\u010dima Venus Extra Smooth. <\/p>\n<p>5 o\u0161trica s presvlakom koja podsje\u0107a na dijamant i za\u0161titna vla\u017ena trakica pobrinut \u0107e se da va\u0161a ko\u017ea du\u017ee bude glatka na dodir (u odnosu na Venus Smooth).<\/p>\n","protected":false},"excerpt":{"rendered":"<p>Zaobljena pokretljiva glava<br \/>\n5 o\u0161trica koje prate konture tijela<br \/>\nLubrikantna trakica olak\u0161ava klizanje<\/p>\n","protected":false},"featured_media":0,"template":"","meta":{"_seopress_robots_primary_cat":"","_seopress_titles_title":"","_seopress_titles_desc":"","_seopress_robots_index":"","iawp_total_views":0},"product_brand":[323],"product_cat":[280,192,279],"product_tag":[],"class_list":{"0":"post-41878","1":"product","2":"type-product","3":"status-publish","5":"product_brand-gillette","6":"product_cat-aparati-za-muskarce-279","7":"product_cat-aparati-za-osobnu-njegu","8":"product_cat-brijanje-i-sisanje-192","10":"first","11":"outofstock","12":"shipping-taxable","13":"purchasable","14":"product-type-simple"},"_links":{"self":[{"href":"https:\/\/singuli.wpress.me\/index.php\/wp-json\/wp\/v2\/product\/41878","targetHints":{"allow":["GET"]}}],"collection":[{"href":"https:\/\/singuli.wpress.me\/index.php\/wp-json\/wp\/v2\/product"}],"about":[{"href":"https:\/\/singuli.wpress.me\/index.php\/wp-json\/wp\/v2\/types\/product"}],"version-history":[{"count":0,"href":"https:\/\/singuli.wpress.me\/index.php\/wp-json\/wp\/v2\/product\/41878\/revisions"}],"wp:attachment":[{"href":"https:\/\/singuli.wpress.me\/index.php\/wp-json\/wp\/v2\/media?parent=41878"}],"wp:term":[{"taxonomy":"product_brand","embeddable":true,"href":"https:\/\/singuli.wpress.me\/index.php\/wp-json\/wp\/v2\/product_brand?post=41878"},{"taxonomy":"product_cat","embeddable":true,"href":"https:\/\/singuli.wpress.me\/index.php\/wp-json\/wp\/v2\/product_cat?post=41878"},{"taxonomy":"product_tag","embeddable":true,"href":"https:\/\/singuli.wpress.me\/index.php\/wp-json\/wp\/v2\/product_tag?post=41878"}],"curies":[{"name":"wp","href":"https:\/\/api.w.org\/{rel}","templated":true}]}}