{"id":41880,"date":"2026-04-19T15:24:21","date_gmt":"2026-04-19T15:24:21","guid":{"rendered":"https:\/\/singuli.wpress.me\/index.php\/proizvod\/shell-visenamjenski-sprej-0-2-l\/"},"modified":"2026-04-21T00:27:13","modified_gmt":"2026-04-21T00:27:13","slug":"shell-visenamjenski-sprej-0-2-l","status":"publish","type":"product","link":"https:\/\/singuli.wpress.me\/index.php\/proizvod\/shell-visenamjenski-sprej-0-2-l\/","title":{"rendered":"SHELL, vi\u0161enamjenski sprej, 0.2\u00a0l"},"content":{"rendered":"<p>Shell vi\u0161enamjenski sprej  je visokokvalitetni proizvod namijenjen blokiranim\/zalijepljenim pokretnim mehani\u010dkim i elektri\u010dnim dijelovima u automobilima, motociklima i kod ku\u0107e. Prodire duboko i u\u010dinkovito otapa hr\u0111u, masno\u0107u, \u010dvrstu i gustu prljav\u0161tinu. Podmazuje, odr\u017eava i \u0161titi od korozije i drugih naslaga. Otpu\u0161ta zahr\u0111ale i blokirane elemente kao i mehani\u010dke dijelove. Uklanja vlagu i pobolj\u0161ava vodljivost na kontaktima. Bez silikona. Sigurno za gumene i metalne dijelove.<\/p>\n","protected":false},"excerpt":{"rendered":"<p>Vi\u0161enamjenski sprej<br \/>\nVisokokvalitetni proizvod namijenjen blokiranim\/zalijepljenim  pokretnim mehani\u010dkim i elektri\u010dnim dijelovima u automobilima, motociklima i kod ku\u0107e.<br \/>\nPodmazuje, odr\u017eava i \u0161titi od korozije i drugih naslaga<\/p>\n","protected":false},"featured_media":0,"template":"","meta":{"_seopress_robots_primary_cat":"","_seopress_titles_title":"","_seopress_titles_desc":"","_seopress_robots_index":"","iawp_total_views":0},"product_brand":[326],"product_cat":[243,273],"product_tag":[],"class_list":{"0":"post-41880","1":"product","2":"type-product","3":"status-publish","5":"product_brand-shell","6":"product_cat-automobili-i-motori","7":"product_cat-njega-vozila-243","9":"first","10":"outofstock","11":"shipping-taxable","12":"purchasable","13":"product-type-simple"},"_links":{"self":[{"href":"https:\/\/singuli.wpress.me\/index.php\/wp-json\/wp\/v2\/product\/41880","targetHints":{"allow":["GET"]}}],"collection":[{"href":"https:\/\/singuli.wpress.me\/index.php\/wp-json\/wp\/v2\/product"}],"about":[{"href":"https:\/\/singuli.wpress.me\/index.php\/wp-json\/wp\/v2\/types\/product"}],"version-history":[{"count":0,"href":"https:\/\/singuli.wpress.me\/index.php\/wp-json\/wp\/v2\/product\/41880\/revisions"}],"wp:attachment":[{"href":"https:\/\/singuli.wpress.me\/index.php\/wp-json\/wp\/v2\/media?parent=41880"}],"wp:term":[{"taxonomy":"product_brand","embeddable":true,"href":"https:\/\/singuli.wpress.me\/index.php\/wp-json\/wp\/v2\/product_brand?post=41880"},{"taxonomy":"product_cat","embeddable":true,"href":"https:\/\/singuli.wpress.me\/index.php\/wp-json\/wp\/v2\/product_cat?post=41880"},{"taxonomy":"product_tag","embeddable":true,"href":"https:\/\/singuli.wpress.me\/index.php\/wp-json\/wp\/v2\/product_tag?post=41880"}],"curies":[{"name":"wp","href":"https:\/\/api.w.org\/{rel}","templated":true}]}}