{"id":41884,"date":"2026-04-19T15:24:23","date_gmt":"2026-04-19T15:24:23","guid":{"rendered":"https:\/\/singuli.wpress.me\/index.php\/proizvod\/bison-ljepilo-za-vinil-25-ml\/"},"modified":"2026-04-20T12:33:41","modified_gmt":"2026-04-20T12:33:41","slug":"bison-ljepilo-za-vinil-25-ml","status":"publish","type":"product","link":"https:\/\/singuli.wpress.me\/index.php\/proizvod\/bison-ljepilo-za-vinil-25-ml\/","title":{"rendered":"BISON, ljepilo, za vinil, 25\u00a0ml"},"content":{"rendered":"<p>Ljepilo za popravljanje predmeta od vinila\/mekog PVC-a.<\/p>\n<p>Lijepi predmete od vinila\/mekog PVC-a kao \u0161to su \u010damci na napuhavanje, bazeni za djecu, bazeni na puhanje, pliva\u010dki pojasevi, \u0161laufovi, lopte za pla\u017eu, \u0161atori, vodeni kreveti, odje\u0107a za ki\u0161u i membrane za ribnjake\/bazene.<\/p>\n","protected":false},"excerpt":{"rendered":"<p>Prozirno<br \/>\nElasti\u010dno<br \/>\nVodootporno<\/p>\n","protected":false},"featured_media":0,"template":"","meta":{"_seopress_robots_primary_cat":"","_seopress_titles_title":"","_seopress_titles_desc":"","_seopress_robots_index":"","iawp_total_views":0},"product_brand":[494],"product_cat":[264,238],"product_tag":[],"class_list":{"0":"post-41884","1":"product","2":"type-product","3":"status-publish","5":"product_brand-bison","6":"product_cat-ljepila-i-brtvila-238","7":"product_cat-sve-za-dom","9":"first","10":"instock","11":"shipping-taxable","12":"purchasable","13":"product-type-simple"},"_links":{"self":[{"href":"https:\/\/singuli.wpress.me\/index.php\/wp-json\/wp\/v2\/product\/41884","targetHints":{"allow":["GET"]}}],"collection":[{"href":"https:\/\/singuli.wpress.me\/index.php\/wp-json\/wp\/v2\/product"}],"about":[{"href":"https:\/\/singuli.wpress.me\/index.php\/wp-json\/wp\/v2\/types\/product"}],"version-history":[{"count":0,"href":"https:\/\/singuli.wpress.me\/index.php\/wp-json\/wp\/v2\/product\/41884\/revisions"}],"wp:attachment":[{"href":"https:\/\/singuli.wpress.me\/index.php\/wp-json\/wp\/v2\/media?parent=41884"}],"wp:term":[{"taxonomy":"product_brand","embeddable":true,"href":"https:\/\/singuli.wpress.me\/index.php\/wp-json\/wp\/v2\/product_brand?post=41884"},{"taxonomy":"product_cat","embeddable":true,"href":"https:\/\/singuli.wpress.me\/index.php\/wp-json\/wp\/v2\/product_cat?post=41884"},{"taxonomy":"product_tag","embeddable":true,"href":"https:\/\/singuli.wpress.me\/index.php\/wp-json\/wp\/v2\/product_tag?post=41884"}],"curies":[{"name":"wp","href":"https:\/\/api.w.org\/{rel}","templated":true}]}}