{"id":41885,"date":"2026-04-19T15:24:23","date_gmt":"2026-04-19T15:24:23","guid":{"rendered":"https:\/\/singuli.wpress.me\/index.php\/proizvod\/ristora-mlijeko-u-prahu-vending-aparati-500-g\/"},"modified":"2026-04-20T12:33:41","modified_gmt":"2026-04-20T12:33:41","slug":"ristora-mlijeko-u-prahu-vending-aparati-500-g","status":"publish","type":"product","link":"https:\/\/singuli.wpress.me\/index.php\/proizvod\/ristora-mlijeko-u-prahu-vending-aparati-500-g\/","title":{"rendered":"RISTORA, mlijeko u prahu, vending aparati, 500\u00a0g"},"content":{"rendered":"<p>Mlije\u010dni prah za vending aparate predstavlja prakti\u010dno i dugotrajno rje\u0161enje za pripremu mlije\u010dnih napitaka u automatima. Ovaj proizvod je popularan izbor jer omogu\u0107uje brzo i jednostavno pripremanje razli\u010ditih mlije\u010dnih napitaka kao \u0161to su kava s mlijekom, vru\u0107a \u010dokolada ili \u010daj s mlijekom.<\/p>\n<p>Sadr\u017ei suhu i koncentriranu mlije\u010dnu tvar koja je pa\u017eljivo prera\u0111ena kako bi zadr\u017eala sve hranjive sastojke mlijeka. Tako se osigurava bogati okus i kvaliteta mlije\u010dnih napitaka koje \u0107e u\u017eivatelji automata cijeniti.<\/p>\n<p>Koriste\u0107i mlije\u010dni prah u vending aparatima, korisnici mogu u\u017eivati u svje\u017ee pripremljenim mlije\u010dnim napitcima bez potrebe za skladi\u0161tenjem svje\u017eeg mlijeka, \u0161to olak\u0161ava odr\u017eavanje ure\u0111aja i smanjuje gubitak namirnica.<\/p>\n<p>Za ljubitelje kave i drugih mlije\u010dnih napitaka, mlije\u010dni prah za aparate za prodaju pru\u017ea ugodno i konzistentno iskustvo, bez obzira na mjesto i vrijeme ispijanja.<\/p>\n<p>U kona\u010dnici, mlije\u010dni prah za aparate za prodaju je pouzdano i prakti\u010dno rje\u0161enje koje zadovoljava potrebe korisnika i vlasnika automata, osiguravaju\u0107i ukusne i kvalitetne mlije\u010dne napitke za u\u017eivanje u svakoj prilici.<\/p>\n","protected":false},"excerpt":{"rendered":"<p>Prakti\u010dno i dugotrajno rje\u0161enje za pripremu mlije\u010dnih napitaka<br \/>\nBogati okus i kvaliteta mlije\u010dnih napitaka<br \/>\nUgodno i konzistentno iskustvo<\/p>\n","protected":false},"featured_media":0,"template":"","meta":{"_seopress_robots_primary_cat":"","_seopress_titles_title":"","_seopress_titles_desc":"","_seopress_robots_index":"","iawp_total_views":0},"product_brand":[781],"product_cat":[261,270],"product_tag":[],"class_list":{"0":"post-41885","1":"product","2":"type-product","3":"status-publish","5":"product_brand-ristora","6":"product_cat-hrana-i-pice","7":"product_cat-slasticarstvo-261","9":"first","10":"instock","11":"shipping-taxable","12":"purchasable","13":"product-type-simple"},"_links":{"self":[{"href":"https:\/\/singuli.wpress.me\/index.php\/wp-json\/wp\/v2\/product\/41885","targetHints":{"allow":["GET"]}}],"collection":[{"href":"https:\/\/singuli.wpress.me\/index.php\/wp-json\/wp\/v2\/product"}],"about":[{"href":"https:\/\/singuli.wpress.me\/index.php\/wp-json\/wp\/v2\/types\/product"}],"version-history":[{"count":0,"href":"https:\/\/singuli.wpress.me\/index.php\/wp-json\/wp\/v2\/product\/41885\/revisions"}],"wp:attachment":[{"href":"https:\/\/singuli.wpress.me\/index.php\/wp-json\/wp\/v2\/media?parent=41885"}],"wp:term":[{"taxonomy":"product_brand","embeddable":true,"href":"https:\/\/singuli.wpress.me\/index.php\/wp-json\/wp\/v2\/product_brand?post=41885"},{"taxonomy":"product_cat","embeddable":true,"href":"https:\/\/singuli.wpress.me\/index.php\/wp-json\/wp\/v2\/product_cat?post=41885"},{"taxonomy":"product_tag","embeddable":true,"href":"https:\/\/singuli.wpress.me\/index.php\/wp-json\/wp\/v2\/product_tag?post=41885"}],"curies":[{"name":"wp","href":"https:\/\/api.w.org\/{rel}","templated":true}]}}