{"id":41886,"date":"2026-04-19T15:24:24","date_gmt":"2026-04-19T15:24:24","guid":{"rendered":"https:\/\/singuli.wpress.me\/index.php\/proizvod\/lavazza-xxl-kava-u-zrnu-crema-e-gusto-classico-3x1kg\/"},"modified":"2026-04-20T12:33:41","modified_gmt":"2026-04-20T12:33:41","slug":"lavazza-xxl-kava-u-zrnu-crema-e-gusto-classico-3x1kg","status":"publish","type":"product","link":"https:\/\/singuli.wpress.me\/index.php\/proizvod\/lavazza-xxl-kava-u-zrnu-crema-e-gusto-classico-3x1kg\/","title":{"rendered":"LAVAZZA XXL, kava u zrnu, Crema e Gusto Classico, 3x1kg"},"content":{"rendered":"<p><span style=\"font-weight: bold\">Lavazza Crema e Gusto<\/span>, blend kave prepoznatljivog karaktera, kombinacija jake arome i punog tijela.<br \/>\nKombinacija zrna Arabica i Robusta kave vrhunske kvalitete, intenzivnog aromati\u010dnog okusa s ugodnim \u010dokoladnim zavr\u0161etkom \u201eafter-tasteom\u201c.<\/p>\n<p>Sastav: Arabica i Robusta<br \/>\nIntenzitet: 7\/10<br \/>\nProfil okusa (aroma): Za\u010dini<br \/>\nPr\u017eenje: Ja\u010de<\/p>\n","protected":false},"excerpt":{"rendered":"<p>Arabica i Robusta<br \/>\nIntenzitet: 7\/10<br \/>\nAroma: za\u010dini<\/p>\n","protected":false},"featured_media":0,"template":"","meta":{"_seopress_robots_primary_cat":"","_seopress_titles_title":"","_seopress_titles_desc":"","_seopress_robots_index":"","iawp_total_views":0},"product_brand":[393],"product_cat":[261,275],"product_tag":[],"class_list":{"0":"post-41886","1":"product","2":"type-product","3":"status-publish","5":"product_brand-lavazza","6":"product_cat-hrana-i-pice","7":"product_cat-kava-i-cajevi-261","9":"first","10":"instock","11":"shipping-taxable","12":"purchasable","13":"product-type-simple"},"_links":{"self":[{"href":"https:\/\/singuli.wpress.me\/index.php\/wp-json\/wp\/v2\/product\/41886","targetHints":{"allow":["GET"]}}],"collection":[{"href":"https:\/\/singuli.wpress.me\/index.php\/wp-json\/wp\/v2\/product"}],"about":[{"href":"https:\/\/singuli.wpress.me\/index.php\/wp-json\/wp\/v2\/types\/product"}],"version-history":[{"count":0,"href":"https:\/\/singuli.wpress.me\/index.php\/wp-json\/wp\/v2\/product\/41886\/revisions"}],"wp:attachment":[{"href":"https:\/\/singuli.wpress.me\/index.php\/wp-json\/wp\/v2\/media?parent=41886"}],"wp:term":[{"taxonomy":"product_brand","embeddable":true,"href":"https:\/\/singuli.wpress.me\/index.php\/wp-json\/wp\/v2\/product_brand?post=41886"},{"taxonomy":"product_cat","embeddable":true,"href":"https:\/\/singuli.wpress.me\/index.php\/wp-json\/wp\/v2\/product_cat?post=41886"},{"taxonomy":"product_tag","embeddable":true,"href":"https:\/\/singuli.wpress.me\/index.php\/wp-json\/wp\/v2\/product_tag?post=41886"}],"curies":[{"name":"wp","href":"https:\/\/api.w.org\/{rel}","templated":true}]}}