{"id":41887,"date":"2026-04-19T15:24:24","date_gmt":"2026-04-19T15:24:24","guid":{"rendered":"https:\/\/singuli.wpress.me\/index.php\/proizvod\/oral-b-pro-1-750-cross-action-elektricna-cetkica-za-zube-s-putnom-torbicom-bijela\/"},"modified":"2026-04-20T12:33:41","modified_gmt":"2026-04-20T12:33:41","slug":"oral-b-pro-1-750-cross-action-elektricna-cetkica-za-zube-s-putnom-torbicom-bijela","status":"publish","type":"product","link":"https:\/\/singuli.wpress.me\/index.php\/proizvod\/oral-b-pro-1-750-cross-action-elektricna-cetkica-za-zube-s-putnom-torbicom-bijela\/","title":{"rendered":"ORAL-B Pro 1 750 Cross Action, elektri\u010dna \u010detkica za zube, s putnom torbicom &#8211; bijela"},"content":{"rendered":"<p>Pro 1 elektri\u010dna \u010detkica za zube poma\u017ee vam da perete zube ba\u0161 onako kako vam je stomatolog preporu\u010dio. Profesionalni mjera\u010d vremena postavljen je na 2 minute i podsje\u0107a vas svakih 30 sekundi da promijenite podru\u010dje koje \u010detkate. Samo pomi\u010dite \u010detkicu po ustima, a jedinstvena okrugla glava Oral-B u\u010dinit \u0107e ostalo.<br \/>\nUklanja do 100% vi\u0161e naslaga od obi\u010dne ru\u010dne \u010detkice za zube, pridonose\u0107i zdravim desnima i bjelijem osmijehu od prvog dana \u010detkanja uklanjanjem povr\u0161inskih mrlja. \u010cetkica za zube Oral-B Pro 1 s profesionalnim mjera\u010dem vremena odli\u010dna je za sve koji \u017eele prije\u0107i na elektri\u010dnu \u010detkicu za zube.<\/p>\n","protected":false},"excerpt":{"rendered":"<p>Baterija traje do 10 dana<br \/>\nUgra\u0111eni timer doprinosi optimalnim rezultatima \u010detkanja.<br \/>\n3D Cleaning Action tehnologija nje\u017eno razgra\u0111uje i uklanja zubni plak<\/p>\n","protected":false},"featured_media":0,"template":"","meta":{"_seopress_robots_primary_cat":"","_seopress_titles_title":"","_seopress_titles_desc":"","_seopress_robots_index":"","iawp_total_views":0},"product_brand":[423],"product_cat":[293,192,292],"product_tag":[],"class_list":{"0":"post-41887","1":"product","2":"type-product","3":"status-publish","5":"product_brand-oral-b-2","6":"product_cat-aparati-za-djecu-i-odrasle-292","7":"product_cat-aparati-za-osobnu-njegu","8":"product_cat-oralna-higijena-uredaji-192","10":"first","11":"outofstock","12":"shipping-taxable","13":"purchasable","14":"product-type-simple"},"_links":{"self":[{"href":"https:\/\/singuli.wpress.me\/index.php\/wp-json\/wp\/v2\/product\/41887","targetHints":{"allow":["GET"]}}],"collection":[{"href":"https:\/\/singuli.wpress.me\/index.php\/wp-json\/wp\/v2\/product"}],"about":[{"href":"https:\/\/singuli.wpress.me\/index.php\/wp-json\/wp\/v2\/types\/product"}],"version-history":[{"count":0,"href":"https:\/\/singuli.wpress.me\/index.php\/wp-json\/wp\/v2\/product\/41887\/revisions"}],"wp:attachment":[{"href":"https:\/\/singuli.wpress.me\/index.php\/wp-json\/wp\/v2\/media?parent=41887"}],"wp:term":[{"taxonomy":"product_brand","embeddable":true,"href":"https:\/\/singuli.wpress.me\/index.php\/wp-json\/wp\/v2\/product_brand?post=41887"},{"taxonomy":"product_cat","embeddable":true,"href":"https:\/\/singuli.wpress.me\/index.php\/wp-json\/wp\/v2\/product_cat?post=41887"},{"taxonomy":"product_tag","embeddable":true,"href":"https:\/\/singuli.wpress.me\/index.php\/wp-json\/wp\/v2\/product_tag?post=41887"}],"curies":[{"name":"wp","href":"https:\/\/api.w.org\/{rel}","templated":true}]}}