{"id":41891,"date":"2026-04-19T15:24:25","date_gmt":"2026-04-19T15:24:25","guid":{"rendered":"https:\/\/singuli.wpress.me\/index.php\/proizvod\/braun-silkepil-ls5160-brijaci-aparat\/"},"modified":"2026-04-20T12:33:41","modified_gmt":"2026-04-20T12:33:41","slug":"braun-silkepil-ls5160-brijaci-aparat","status":"publish","type":"product","link":"https:\/\/singuli.wpress.me\/index.php\/proizvod\/braun-silkepil-ls5160-brijaci-aparat\/","title":{"rendered":"BRAUN SilkEpil LS5160, brija\u0107i aparat"},"content":{"rendered":"<p>Braun Silk-\u00e9pil Lady Shaver 5-160 be\u017ei\u010dni je \u017eenski 3-u1 sustav s brija\u0107im aparatom, trimerom i nastavkom za eksfolijaciju \u2013 za uporabu na nogama, pazusima i bikini-zoni.<br \/>\n100% je vodootporan te prikladan za suhu i mokru uporabu, \u0161to zna\u010di da ga mo\u017eete koristiti i u kadi ili pod tu\u0161em.<br \/>\nEksfolijacijski nastavak nje\u017eno tijekom brijanja uklanja mrtve stanice povr\u0161inskog sloja ko\u017ee za \u0161to gla\u0111e rezultate.<br \/>\nZaobljena se glava prilago\u0111ava obrisima tijela \u0161to olak\u0161ava upotrebu.<br \/>\nNastavak s trimerom nje\u017eno uklanja dla\u010dice s osjetljivih podru\u010dja poput bikini-zone.<br \/>\n2 nastavka: nastavak s trimerom i nastavak za eksfolijaciju.<br \/>\nBrijanje, podrezivanje i eksfolijacija. Sve u jednom.<br \/>\nBraun Silk-\u00e9pil Lady Shaver je \u017eenski elektri\u010dni brija\u0107i aparat s tri funkcionalnosti.<br \/>\nPru\u017ea iznimno temeljito i ugodno brijanje, popra\u0107eno nje\u017enom eksfolijacijom za glatke i blistave rezultate. Nje\u017ean je prema ko\u017ei, \u0161to ga \u010dini idealnim za uporabu na osjetljivijim podru\u010djima poput pazuha i bikini-zone.<\/p>\n","protected":false},"excerpt":{"rendered":"<p>Be\u017ei\u010dni elektri\u010dni brija\u0107i aparat za \u017eene: sustav 3-u-1 za uporabu u kadi ili pod tu\u0161em<br \/>\nPomi\u010dna mre\u017eica i trimer za temeljito brijanje nogu, pazuha i bikini-zone<br \/>\nNastavak za eksfolijaciju nje\u017eno tijekom brijanja uklanja mrtve stanice povr\u0161inskog sloja ko\u017ee<\/p>\n","protected":false},"featured_media":0,"template":"","meta":{"_seopress_robots_primary_cat":"","_seopress_titles_title":"","_seopress_titles_desc":"","_seopress_robots_index":"","iawp_total_views":0},"product_brand":[144],"product_cat":[192,282,281],"product_tag":[],"class_list":{"0":"post-41891","1":"product","2":"type-product","3":"status-publish","5":"product_brand-braun","6":"product_cat-aparati-za-osobnu-njegu","7":"product_cat-aparati-za-zene-281","8":"product_cat-epilatori-i-ipl-192","10":"first","11":"instock","12":"shipping-taxable","13":"purchasable","14":"product-type-simple"},"_links":{"self":[{"href":"https:\/\/singuli.wpress.me\/index.php\/wp-json\/wp\/v2\/product\/41891","targetHints":{"allow":["GET"]}}],"collection":[{"href":"https:\/\/singuli.wpress.me\/index.php\/wp-json\/wp\/v2\/product"}],"about":[{"href":"https:\/\/singuli.wpress.me\/index.php\/wp-json\/wp\/v2\/types\/product"}],"version-history":[{"count":0,"href":"https:\/\/singuli.wpress.me\/index.php\/wp-json\/wp\/v2\/product\/41891\/revisions"}],"wp:attachment":[{"href":"https:\/\/singuli.wpress.me\/index.php\/wp-json\/wp\/v2\/media?parent=41891"}],"wp:term":[{"taxonomy":"product_brand","embeddable":true,"href":"https:\/\/singuli.wpress.me\/index.php\/wp-json\/wp\/v2\/product_brand?post=41891"},{"taxonomy":"product_cat","embeddable":true,"href":"https:\/\/singuli.wpress.me\/index.php\/wp-json\/wp\/v2\/product_cat?post=41891"},{"taxonomy":"product_tag","embeddable":true,"href":"https:\/\/singuli.wpress.me\/index.php\/wp-json\/wp\/v2\/product_tag?post=41891"}],"curies":[{"name":"wp","href":"https:\/\/api.w.org\/{rel}","templated":true}]}}