{"id":41894,"date":"2026-04-19T15:24:27","date_gmt":"2026-04-19T15:24:27","guid":{"rendered":"https:\/\/singuli.wpress.me\/index.php\/proizvod\/dana-koktel-mai-tai-14-0-7-l-2\/"},"modified":"2026-04-20T12:33:41","modified_gmt":"2026-04-20T12:33:41","slug":"dana-koktel-mai-tai-14-0-7-l-2","status":"publish","type":"product","link":"https:\/\/singuli.wpress.me\/index.php\/proizvod\/dana-koktel-mai-tai-14-0-7-l-2\/","title":{"rendered":"DANA, koktel, Mai Tai 14%, 0.7\u00a0l"},"content":{"rendered":"<p>Alkoholno pi\u0107e s vo\u0107nim sokom od naran\u010de, breskve i ananasa.<\/p>\n<p>Prijedlog za serviranje: poslu\u017eite u \u010da\u0161i s drobljenim ledom i kri\u0161kama naran\u010de.<\/p>\n<p>\u010cuvati na hladnom i mra\u010dnom mjestu.<\/p>\n","protected":false},"excerpt":{"rendered":"<p>Alkoholno pi\u0107e s vo\u0107nim sokom<br \/>\nNaran\u010da, breskva i ananas<br \/>\n14% alkohola<\/p>\n","protected":false},"featured_media":0,"template":"","meta":{"_seopress_robots_primary_cat":"","_seopress_titles_title":"","_seopress_titles_desc":"","_seopress_robots_index":"","iawp_total_views":0},"product_brand":[485],"product_cat":[298,261],"product_tag":[],"class_list":{"0":"post-41894","1":"product","2":"type-product","3":"status-publish","5":"product_brand-dana","6":"product_cat-alkoholna-pica-261","7":"product_cat-hrana-i-pice","9":"first","10":"outofstock","11":"shipping-taxable","12":"purchasable","13":"product-type-simple"},"_links":{"self":[{"href":"https:\/\/singuli.wpress.me\/index.php\/wp-json\/wp\/v2\/product\/41894","targetHints":{"allow":["GET"]}}],"collection":[{"href":"https:\/\/singuli.wpress.me\/index.php\/wp-json\/wp\/v2\/product"}],"about":[{"href":"https:\/\/singuli.wpress.me\/index.php\/wp-json\/wp\/v2\/types\/product"}],"version-history":[{"count":0,"href":"https:\/\/singuli.wpress.me\/index.php\/wp-json\/wp\/v2\/product\/41894\/revisions"}],"wp:attachment":[{"href":"https:\/\/singuli.wpress.me\/index.php\/wp-json\/wp\/v2\/media?parent=41894"}],"wp:term":[{"taxonomy":"product_brand","embeddable":true,"href":"https:\/\/singuli.wpress.me\/index.php\/wp-json\/wp\/v2\/product_brand?post=41894"},{"taxonomy":"product_cat","embeddable":true,"href":"https:\/\/singuli.wpress.me\/index.php\/wp-json\/wp\/v2\/product_cat?post=41894"},{"taxonomy":"product_tag","embeddable":true,"href":"https:\/\/singuli.wpress.me\/index.php\/wp-json\/wp\/v2\/product_tag?post=41894"}],"curies":[{"name":"wp","href":"https:\/\/api.w.org\/{rel}","templated":true}]}}