{"id":41895,"date":"2026-04-19T15:24:27","date_gmt":"2026-04-19T15:24:27","guid":{"rendered":"https:\/\/singuli.wpress.me\/index.php\/proizvod\/gillette-fusion5-power-brijac-s-zamjenskom-britvicom-1-kom\/"},"modified":"2026-04-20T12:33:41","modified_gmt":"2026-04-20T12:33:41","slug":"gillette-fusion5-power-brijac-s-zamjenskom-britvicom-1-kom","status":"publish","type":"product","link":"https:\/\/singuli.wpress.me\/index.php\/proizvod\/gillette-fusion5-power-brijac-s-zamjenskom-britvicom-1-kom\/","title":{"rendered":"GILLETTE Fusion5 Power, brija\u010d s zamjenskom britvicom, 1\u00a0kom"},"content":{"rendered":"<p>Brija\u010d za mu\u0161karce Gillette Fusion5 Power brija\u010d je na baterijsko napajanje s nje\u017enim mikropulsacijama koji vam poma\u017eu smanjiti trenje kako bi brija\u010d jo\u0161 gla\u0111e klizio po ko\u017ei. <\/p>\n<p>Sadr\u017ei 5 o\u0161trica koje umanjuju trenje, za brzo i temeljito brijanje. <\/p>\n<p>O\u0161trice su postavljene blizu jedna drugoj, za nevjerojatno ugodno brijanje, a precizni trimer na stra\u017enjoj strani slu\u017ei za te\u0161ko dostupna mjesta i ure\u0111ivanje dla\u010dica na licu.<\/p>\n","protected":false},"excerpt":{"rendered":"<p>Baterijsko napajanje<br \/>\nMikropulsacije smanjuju trenje<br \/>\nSadr\u017ei 5 o\u0161trica<\/p>\n","protected":false},"featured_media":0,"template":"","meta":{"_seopress_robots_primary_cat":"","_seopress_titles_title":"","_seopress_titles_desc":"","_seopress_robots_index":"","iawp_total_views":0},"product_brand":[323],"product_cat":[280,192,279],"product_tag":[],"class_list":{"0":"post-41895","1":"product","2":"type-product","3":"status-publish","5":"product_brand-gillette","6":"product_cat-aparati-za-muskarce-279","7":"product_cat-aparati-za-osobnu-njegu","8":"product_cat-brijanje-i-sisanje-192","10":"first","11":"outofstock","12":"shipping-taxable","13":"purchasable","14":"product-type-simple"},"_links":{"self":[{"href":"https:\/\/singuli.wpress.me\/index.php\/wp-json\/wp\/v2\/product\/41895","targetHints":{"allow":["GET"]}}],"collection":[{"href":"https:\/\/singuli.wpress.me\/index.php\/wp-json\/wp\/v2\/product"}],"about":[{"href":"https:\/\/singuli.wpress.me\/index.php\/wp-json\/wp\/v2\/types\/product"}],"version-history":[{"count":0,"href":"https:\/\/singuli.wpress.me\/index.php\/wp-json\/wp\/v2\/product\/41895\/revisions"}],"wp:attachment":[{"href":"https:\/\/singuli.wpress.me\/index.php\/wp-json\/wp\/v2\/media?parent=41895"}],"wp:term":[{"taxonomy":"product_brand","embeddable":true,"href":"https:\/\/singuli.wpress.me\/index.php\/wp-json\/wp\/v2\/product_brand?post=41895"},{"taxonomy":"product_cat","embeddable":true,"href":"https:\/\/singuli.wpress.me\/index.php\/wp-json\/wp\/v2\/product_cat?post=41895"},{"taxonomy":"product_tag","embeddable":true,"href":"https:\/\/singuli.wpress.me\/index.php\/wp-json\/wp\/v2\/product_tag?post=41895"}],"curies":[{"name":"wp","href":"https:\/\/api.w.org\/{rel}","templated":true}]}}