{"id":41901,"date":"2026-04-19T15:24:29","date_gmt":"2026-04-19T15:24:29","guid":{"rendered":"https:\/\/singuli.wpress.me\/index.php\/proizvod\/dana-vitamin-detox-vitaminska-voda-0-75-l\/"},"modified":"2026-04-20T12:33:41","modified_gmt":"2026-04-20T12:33:41","slug":"dana-vitamin-detox-vitaminska-voda-0-75-l","status":"publish","type":"product","link":"https:\/\/singuli.wpress.me\/index.php\/proizvod\/dana-vitamin-detox-vitaminska-voda-0-75-l\/","title":{"rendered":"DANA Vitamin &#8211; Detox, vitaminska voda, 0.75\u00a0l"},"content":{"rendered":"<p>Niskoenergetsko negazirano bezalkoholno pi\u0107e s okusom limuna i limete te vitaminima C, E i B3. <br \/>\nProizvod preporu\u010duje se kao dio uravnote\u017eene i raznovrsne prehrane i zdravog na\u010dina \u017eivota.<\/p>\n","protected":false},"excerpt":{"rendered":"<p>Niskoenergentsko negazirano bezalkoholno pi\u0107e okusa limuna i limete<br \/>\nEkstrakt koprive<br \/>\nVitamini C, E, B3<\/p>\n","protected":false},"featured_media":0,"template":"","meta":{"_seopress_robots_primary_cat":"","_seopress_titles_title":"","_seopress_titles_desc":"","_seopress_robots_index":"","iawp_total_views":0},"product_brand":[485],"product_cat":[261,262],"product_tag":[],"class_list":{"0":"post-41901","1":"product","2":"type-product","3":"status-publish","5":"product_brand-dana","6":"product_cat-hrana-i-pice","7":"product_cat-sokovi-i-napitci-261","9":"first","10":"instock","11":"shipping-taxable","12":"purchasable","13":"product-type-simple"},"_links":{"self":[{"href":"https:\/\/singuli.wpress.me\/index.php\/wp-json\/wp\/v2\/product\/41901","targetHints":{"allow":["GET"]}}],"collection":[{"href":"https:\/\/singuli.wpress.me\/index.php\/wp-json\/wp\/v2\/product"}],"about":[{"href":"https:\/\/singuli.wpress.me\/index.php\/wp-json\/wp\/v2\/types\/product"}],"version-history":[{"count":0,"href":"https:\/\/singuli.wpress.me\/index.php\/wp-json\/wp\/v2\/product\/41901\/revisions"}],"wp:attachment":[{"href":"https:\/\/singuli.wpress.me\/index.php\/wp-json\/wp\/v2\/media?parent=41901"}],"wp:term":[{"taxonomy":"product_brand","embeddable":true,"href":"https:\/\/singuli.wpress.me\/index.php\/wp-json\/wp\/v2\/product_brand?post=41901"},{"taxonomy":"product_cat","embeddable":true,"href":"https:\/\/singuli.wpress.me\/index.php\/wp-json\/wp\/v2\/product_cat?post=41901"},{"taxonomy":"product_tag","embeddable":true,"href":"https:\/\/singuli.wpress.me\/index.php\/wp-json\/wp\/v2\/product_tag?post=41901"}],"curies":[{"name":"wp","href":"https:\/\/api.w.org\/{rel}","templated":true}]}}