{"id":41909,"date":"2026-04-19T15:24:31","date_gmt":"2026-04-19T15:24:31","guid":{"rendered":"https:\/\/singuli.wpress.me\/index.php\/proizvod\/braun-series-1-170-brijaci-aparat\/"},"modified":"2026-04-20T12:33:41","modified_gmt":"2026-04-20T12:33:41","slug":"braun-series-1-170-brijaci-aparat","status":"publish","type":"product","link":"https:\/\/singuli.wpress.me\/index.php\/proizvod\/braun-series-1-170-brijaci-aparat\/","title":{"rendered":"BRAUN Series 1 170, brija\u0107i aparat"},"content":{"rendered":"<p><span style=\"font-weight: bold\">Mu\u0161ki aparat za brijanje Braun Series 1-170<\/span> nudi vam posebno \u0161iroku mre\u017eicu koja pokriva ve\u0107u povr\u0161inu za brijanje uz najmanje napora i osigurava ve\u0107u u\u010dinkovitost brijanja. Tehnologija ultratanke folije pru\u017ea iznimno precizno i \u200b\u200bugodno brijanje.<\/p>\n<p><span style=\"font-weight: bold\">Patentirana mre\u017ea SmartFoil<\/span> ima otvore razli\u010ditih oblika. Hvata i brije dla\u010dice koje rastu u razli\u010ditim smjerovima, osiguravaju\u0107i glatko i ugodno brijanje. Sustav SmartFoil osigurava vrlo u\u010dinkovito suho brijanje jer njegova vrlo tanka mre\u017eica sprje\u010dava izravan kontakt izme\u0111u ko\u017ee i o\u0161trica.<\/p>\n<p>\u010ci\u0161\u0107enje aparata za brijanje je vrlo jednostavno, jer ga mo\u017eete lako o\u010distiti pod mlazom vode.<\/p>\n<p><span style=\"font-weight: bold\">Glavne zna\u010dajke:<\/span><br \/>\n&#8211; Jednostavan na\u010din brijanja &#8211; Cjelovita ponuda Braun aparata za brijanje za zahtjevne po\u010detnike. Ergonomski oblici i posebno \u0161iroka glava za brijanje za u\u010dinkovito brijanje.<br \/>\n&#8211; Sustav osjetljiv na dodir &#8211; Nje\u017eno se prilago\u0111ava pritisku<br \/>\n&#8211; SmartFoil\u2122 &#8211; zahvaljuju\u0107i jedinstvenom mre\u017eastom uzorku, Smart Foil\u2122 hvata dla\u010dice koje rastu u razli\u010ditim smjerovima.<br \/>\n&#8211; \u010ci\u0161\u0107enje pod teku\u0107om vodom<br \/>\n&#8211; Koristite sa ili bez kabela za napajanje<br \/>\n&#8211; Koristite bez priklju\u010dnog kabela do 40 min<br \/>\n&#8211; Za\u0161titna kapa<br \/>\n&#8211; Vrijeme punjenja: 60 minuta<br \/>\n&#8211; Baterija: NiMh<\/p>\n","protected":false},"excerpt":{"rendered":"<p>Sustav SmartFoil pru\u017ea vrlo u\u010dinkovito suho brijanje<br \/>\nSigurno i jednostavno \u010di\u0161\u0107enje vodom<br \/>\nKoristite sa ili bez kabela za napajanje<\/p>\n","protected":false},"featured_media":0,"template":"","meta":{"_seopress_robots_primary_cat":"","_seopress_titles_title":"","_seopress_titles_desc":"","_seopress_robots_index":"","iawp_total_views":0},"product_brand":[144],"product_cat":[280,192,279],"product_tag":[],"class_list":{"0":"post-41909","1":"product","2":"type-product","3":"status-publish","5":"product_brand-braun","6":"product_cat-aparati-za-muskarce-279","7":"product_cat-aparati-za-osobnu-njegu","8":"product_cat-brijanje-i-sisanje-192","10":"first","11":"outofstock","12":"shipping-taxable","13":"purchasable","14":"product-type-simple"},"_links":{"self":[{"href":"https:\/\/singuli.wpress.me\/index.php\/wp-json\/wp\/v2\/product\/41909","targetHints":{"allow":["GET"]}}],"collection":[{"href":"https:\/\/singuli.wpress.me\/index.php\/wp-json\/wp\/v2\/product"}],"about":[{"href":"https:\/\/singuli.wpress.me\/index.php\/wp-json\/wp\/v2\/types\/product"}],"version-history":[{"count":0,"href":"https:\/\/singuli.wpress.me\/index.php\/wp-json\/wp\/v2\/product\/41909\/revisions"}],"wp:attachment":[{"href":"https:\/\/singuli.wpress.me\/index.php\/wp-json\/wp\/v2\/media?parent=41909"}],"wp:term":[{"taxonomy":"product_brand","embeddable":true,"href":"https:\/\/singuli.wpress.me\/index.php\/wp-json\/wp\/v2\/product_brand?post=41909"},{"taxonomy":"product_cat","embeddable":true,"href":"https:\/\/singuli.wpress.me\/index.php\/wp-json\/wp\/v2\/product_cat?post=41909"},{"taxonomy":"product_tag","embeddable":true,"href":"https:\/\/singuli.wpress.me\/index.php\/wp-json\/wp\/v2\/product_tag?post=41909"}],"curies":[{"name":"wp","href":"https:\/\/api.w.org\/{rel}","templated":true}]}}