{"id":41912,"date":"2026-04-19T15:24:32","date_gmt":"2026-04-19T15:24:32","guid":{"rendered":"https:\/\/singuli.wpress.me\/index.php\/proizvod\/corena-s3-r-46-ulje-za-vijcane-i-rotacione-kompresore-20-l\/"},"modified":"2026-04-20T12:33:41","modified_gmt":"2026-04-20T12:33:41","slug":"corena-s3-r-46-ulje-za-vijcane-i-rotacione-kompresore-20-l","status":"publish","type":"product","link":"https:\/\/singuli.wpress.me\/index.php\/proizvod\/corena-s3-r-46-ulje-za-vijcane-i-rotacione-kompresore-20-l\/","title":{"rendered":"CORENA S3 R 46 , ulje za vij\u010dane i rotacione kompresore, 20\u00a0l"},"content":{"rendered":"<p>Napredno ulje za kompresore zraka upotpunjeno jedinstvenim paketom aditiva sna\u017enih performansi. Zahvaljuju\u0107i tome pru\u017ea izvanrednu za\u0161titu kompresora koji rade s tlakovima preko 20 bara te vi\u0161e od 100\u00b0C temperature ispu\u0161nog zraka uz interval izmjene ulja do \u010dak 6000 sati. Uz dugogodi\u0161nju primjenu pru\u017ea izvanrednu za\u0161titu unutarnjih povr\u0161ina od korozije i tro\u0161enja. Odli\u010dno se odvajaju od vode \u0161to osigurava u\u010dinkovit rad kompresora \u010dak i u prisutnosti vode. Kompatibilna su s brtvenim materijalima odobrenim za kori\u0161tenje s mineralnim uljima. Glavne primjene su u lamelnim (rotacijskim) zra\u010dnim kompresorima.<\/p>\n<p><span style=\"font-weight: bold\">Specifikacija: <\/span>ISO 6743-3:2003 (E) L-DAJ.<\/p>\n","protected":false},"excerpt":{"rendered":"<p>Ulje za kompresore zraka<br \/>\nKoristi napredni paket aditiva koji pru\u017ea izvrsnu za\u0161titu i performanse kompresora<br \/>\nInterval izmjene ulja do 6000 sati<\/p>\n","protected":false},"featured_media":0,"template":"","meta":{"_seopress_robots_primary_cat":"","_seopress_titles_title":"","_seopress_titles_desc":"","_seopress_robots_index":"","iawp_total_views":0},"product_brand":[461],"product_cat":[243,276],"product_tag":[],"class_list":{"0":"post-41912","1":"product","2":"type-product","3":"status-publish","5":"product_brand-corena","6":"product_cat-automobili-i-motori","7":"product_cat-industrijska-i-specijalna-ulja-243","9":"first","10":"instock","11":"shipping-taxable","12":"purchasable","13":"product-type-simple"},"_links":{"self":[{"href":"https:\/\/singuli.wpress.me\/index.php\/wp-json\/wp\/v2\/product\/41912","targetHints":{"allow":["GET"]}}],"collection":[{"href":"https:\/\/singuli.wpress.me\/index.php\/wp-json\/wp\/v2\/product"}],"about":[{"href":"https:\/\/singuli.wpress.me\/index.php\/wp-json\/wp\/v2\/types\/product"}],"version-history":[{"count":0,"href":"https:\/\/singuli.wpress.me\/index.php\/wp-json\/wp\/v2\/product\/41912\/revisions"}],"wp:attachment":[{"href":"https:\/\/singuli.wpress.me\/index.php\/wp-json\/wp\/v2\/media?parent=41912"}],"wp:term":[{"taxonomy":"product_brand","embeddable":true,"href":"https:\/\/singuli.wpress.me\/index.php\/wp-json\/wp\/v2\/product_brand?post=41912"},{"taxonomy":"product_cat","embeddable":true,"href":"https:\/\/singuli.wpress.me\/index.php\/wp-json\/wp\/v2\/product_cat?post=41912"},{"taxonomy":"product_tag","embeddable":true,"href":"https:\/\/singuli.wpress.me\/index.php\/wp-json\/wp\/v2\/product_tag?post=41912"}],"curies":[{"name":"wp","href":"https:\/\/api.w.org\/{rel}","templated":true}]}}