{"id":41915,"date":"2026-04-19T15:24:33","date_gmt":"2026-04-19T15:24:33","guid":{"rendered":"https:\/\/singuli.wpress.me\/index.php\/proizvod\/wahl-color-pro-cordless-sisac\/"},"modified":"2026-04-20T12:33:41","modified_gmt":"2026-04-20T12:33:41","slug":"wahl-color-pro-cordless-sisac","status":"publish","type":"product","link":"https:\/\/singuli.wpress.me\/index.php\/proizvod\/wahl-color-pro-cordless-sisac\/","title":{"rendered":"WAHL Color Pro Cordless, \u0161i\u0161a\u010d"},"content":{"rendered":"<p><span style=\"font-weight: bold;color: #4472C4\">Color Pro Cordless<\/span><span style=\"color: #4472C4\"> omogu\u0107uje \u0161i\u0161anje razli\u010ditim duljinama, zahvaljuju\u0107i 10 razli\u010ditih \u010de\u0161ljeva kodiranih u boji. Ovaj ure\u0111aj sadr\u017ei set no\u017eeva koji se mogu ukloniti i oprati.<\/span><\/p>\n","protected":false},"excerpt":{"rendered":"<p>Precizno bru\u0161ene o\u0161trice, uklonjiv i jednostavan za \u010di\u0161\u0107enje<br \/>\nRotacijski motor s punjivom baterijom omogu\u0107uje 100 minuta be\u017ei\u010dnog rada<br \/>\n10 nastavaka kodiranih u boji osiguravaju 10 duljina rezanja od 1,5 mm do 25 mm<\/p>\n","protected":false},"featured_media":0,"template":"","meta":{"_seopress_robots_primary_cat":"","_seopress_titles_title":"","_seopress_titles_desc":"","_seopress_robots_index":"","iawp_total_views":0},"product_brand":[159],"product_cat":[192,279],"product_tag":[],"class_list":{"0":"post-41915","1":"product","2":"type-product","3":"status-publish","5":"product_brand-wahl","6":"product_cat-aparati-za-osobnu-njegu","7":"product_cat-brijanje-i-sisanje-192","9":"first","10":"outofstock","11":"shipping-taxable","12":"purchasable","13":"product-type-simple"},"_links":{"self":[{"href":"https:\/\/singuli.wpress.me\/index.php\/wp-json\/wp\/v2\/product\/41915","targetHints":{"allow":["GET"]}}],"collection":[{"href":"https:\/\/singuli.wpress.me\/index.php\/wp-json\/wp\/v2\/product"}],"about":[{"href":"https:\/\/singuli.wpress.me\/index.php\/wp-json\/wp\/v2\/types\/product"}],"version-history":[{"count":0,"href":"https:\/\/singuli.wpress.me\/index.php\/wp-json\/wp\/v2\/product\/41915\/revisions"}],"wp:attachment":[{"href":"https:\/\/singuli.wpress.me\/index.php\/wp-json\/wp\/v2\/media?parent=41915"}],"wp:term":[{"taxonomy":"product_brand","embeddable":true,"href":"https:\/\/singuli.wpress.me\/index.php\/wp-json\/wp\/v2\/product_brand?post=41915"},{"taxonomy":"product_cat","embeddable":true,"href":"https:\/\/singuli.wpress.me\/index.php\/wp-json\/wp\/v2\/product_cat?post=41915"},{"taxonomy":"product_tag","embeddable":true,"href":"https:\/\/singuli.wpress.me\/index.php\/wp-json\/wp\/v2\/product_tag?post=41915"}],"curies":[{"name":"wp","href":"https:\/\/api.w.org\/{rel}","templated":true}]}}