{"id":41927,"date":"2026-04-19T15:24:36","date_gmt":"2026-04-19T15:24:36","guid":{"rendered":"https:\/\/singuli.wpress.me\/index.php\/proizvod\/bison-hobby-pistolj-za-vruce-ljepljenje\/"},"modified":"2026-04-21T00:27:13","modified_gmt":"2026-04-21T00:27:13","slug":"bison-hobby-pistolj-za-vruce-ljepljenje","status":"publish","type":"product","link":"https:\/\/singuli.wpress.me\/index.php\/proizvod\/bison-hobby-pistolj-za-vruce-ljepljenje\/","title":{"rendered":"BISON Hobby, pi\u0161tolj za vru\u0107e ljepljenje"},"content":{"rendered":"<p>Pi\u0161tolj za lijepljenje za hobiste i za ukra\u0161avanje.<\/p>\n<p>Lijepi mnogo poroznih i neporoznih materijala kao \u0161to su drvo, razne vrste plastike, tekstil, karton, keramika, staklo itd. za sebe i me\u0111usobno. Idealno za izradu buketa od su\u0161enog cvije\u0107a, ukra\u0161avanje okvira za fotografije i izradu modela.<\/p>\n<p>Nije prikladno za potporni elementi ili predmeti koji su stalno napeti. Nemojte upotrebljavati na materijalima osjetljivima na toplinu.<\/p>\n","protected":false},"excerpt":{"rendered":"<p>Sna\u017eno, brzo i jednostavno<br \/>\nVodootporno<br \/>\nOtporno na temperature do +70 \u00b0C<\/p>\n","protected":false},"featured_media":0,"template":"","meta":{"_seopress_robots_primary_cat":"","_seopress_titles_title":"","_seopress_titles_desc":"","_seopress_robots_index":"","iawp_total_views":0},"product_brand":[494],"product_cat":[264,238],"product_tag":[],"class_list":{"0":"post-41927","1":"product","2":"type-product","3":"status-publish","5":"product_brand-bison","6":"product_cat-ljepila-i-brtvila-238","7":"product_cat-sve-za-dom","9":"first","10":"outofstock","11":"shipping-taxable","12":"purchasable","13":"product-type-simple"},"_links":{"self":[{"href":"https:\/\/singuli.wpress.me\/index.php\/wp-json\/wp\/v2\/product\/41927","targetHints":{"allow":["GET"]}}],"collection":[{"href":"https:\/\/singuli.wpress.me\/index.php\/wp-json\/wp\/v2\/product"}],"about":[{"href":"https:\/\/singuli.wpress.me\/index.php\/wp-json\/wp\/v2\/types\/product"}],"version-history":[{"count":0,"href":"https:\/\/singuli.wpress.me\/index.php\/wp-json\/wp\/v2\/product\/41927\/revisions"}],"wp:attachment":[{"href":"https:\/\/singuli.wpress.me\/index.php\/wp-json\/wp\/v2\/media?parent=41927"}],"wp:term":[{"taxonomy":"product_brand","embeddable":true,"href":"https:\/\/singuli.wpress.me\/index.php\/wp-json\/wp\/v2\/product_brand?post=41927"},{"taxonomy":"product_cat","embeddable":true,"href":"https:\/\/singuli.wpress.me\/index.php\/wp-json\/wp\/v2\/product_cat?post=41927"},{"taxonomy":"product_tag","embeddable":true,"href":"https:\/\/singuli.wpress.me\/index.php\/wp-json\/wp\/v2\/product_tag?post=41927"}],"curies":[{"name":"wp","href":"https:\/\/api.w.org\/{rel}","templated":true}]}}