{"id":41928,"date":"2026-04-19T15:24:36","date_gmt":"2026-04-19T15:24:36","guid":{"rendered":"https:\/\/singuli.wpress.me\/index.php\/proizvod\/headshoulders-deep-cleanse-itch-prevention-sampon-protiv-peruti-300-ml\/"},"modified":"2026-04-21T00:27:13","modified_gmt":"2026-04-21T00:27:13","slug":"headshoulders-deep-cleanse-itch-prevention-sampon-protiv-peruti-300-ml","status":"publish","type":"product","link":"https:\/\/singuli.wpress.me\/index.php\/proizvod\/headshoulders-deep-cleanse-itch-prevention-sampon-protiv-peruti-300-ml\/","title":{"rendered":"HEAD&amp;SHOULDERS Deep Cleanse Itch Prevention, \u0161ampon protiv peruti, 300\u00a0ml"},"content":{"rendered":"<p>\u0160ampon protiv peruti Head &amp; Shoulders Deep Cleansing ulazi duboko u pore vlasi\u0161ta i bori se protiv masno\u0107e te djeluje na glavni uzrok peruti. <\/p>\n<p>Pru\u017ea do 72 sata za\u0161tite od peruti, svrbe\u017ea i suho\u0107e (vidljive ljuskice, uz redovitu upotrebu; svrbe\u017e zbog peruti). N<\/p>\n<p>jegova napredna formula je bez silikona, pH uravnote\u017eena te oboga\u0107ena antioksidansima, za kosu koja je klini\u010dki dokazno do 100% bez peruti (vidljive ljuskice, uz redovitu upotrebu). <\/p>\n<p>Itch Relief \u0161ampon, oboga\u0107en pepermintom, ubla\u017eava svrbe\u017e vlasi\u0161ta (povezan s peruti) te ostavlja osje\u0107aj svje\u017eine. <\/p>\n<p>Head &amp; Shoulders je marka \u0161ampona br. 1 u svijetu (izra\u010dun tvrtke P&amp;G na temelju godi\u0161nje prodaje \u0161ampona) i brine za planet: ova se bo\u010dica mo\u017ee reciklirati (osim poklopca i omota te ovisno o postrojenjima za recikliranje).<\/p>\n","protected":false},"excerpt":{"rendered":"<p>72 sata za\u0161tite od suho\u0107e, svrbe\u017ei i peruti<br \/>\nNapredna formula bez silikona<br \/>\nOboga\u0107en je pepermintom te pru\u017ea svje\u017einu<\/p>\n","protected":false},"featured_media":0,"template":"","meta":{"_seopress_robots_primary_cat":"","_seopress_titles_title":"","_seopress_titles_desc":"","_seopress_robots_index":"","iawp_total_views":0},"product_brand":[443],"product_cat":[268,300],"product_tag":[],"class_list":{"0":"post-41928","1":"product","2":"type-product","3":"status-publish","5":"product_brand-headshoulders","6":"product_cat-kozmetika-2","7":"product_cat-njega-kose-268","9":"first","10":"outofstock","11":"shipping-taxable","12":"purchasable","13":"product-type-simple"},"_links":{"self":[{"href":"https:\/\/singuli.wpress.me\/index.php\/wp-json\/wp\/v2\/product\/41928","targetHints":{"allow":["GET"]}}],"collection":[{"href":"https:\/\/singuli.wpress.me\/index.php\/wp-json\/wp\/v2\/product"}],"about":[{"href":"https:\/\/singuli.wpress.me\/index.php\/wp-json\/wp\/v2\/types\/product"}],"version-history":[{"count":0,"href":"https:\/\/singuli.wpress.me\/index.php\/wp-json\/wp\/v2\/product\/41928\/revisions"}],"wp:attachment":[{"href":"https:\/\/singuli.wpress.me\/index.php\/wp-json\/wp\/v2\/media?parent=41928"}],"wp:term":[{"taxonomy":"product_brand","embeddable":true,"href":"https:\/\/singuli.wpress.me\/index.php\/wp-json\/wp\/v2\/product_brand?post=41928"},{"taxonomy":"product_cat","embeddable":true,"href":"https:\/\/singuli.wpress.me\/index.php\/wp-json\/wp\/v2\/product_cat?post=41928"},{"taxonomy":"product_tag","embeddable":true,"href":"https:\/\/singuli.wpress.me\/index.php\/wp-json\/wp\/v2\/product_tag?post=41928"}],"curies":[{"name":"wp","href":"https:\/\/api.w.org\/{rel}","templated":true}]}}