{"id":41934,"date":"2026-04-19T15:24:38","date_gmt":"2026-04-19T15:24:38","guid":{"rendered":"https:\/\/singuli.wpress.me\/index.php\/proizvod\/tomy-igracka-jurassic-guralica-s-dinosaurom\/"},"modified":"2026-04-20T12:33:41","modified_gmt":"2026-04-20T12:33:41","slug":"tomy-igracka-jurassic-guralica-s-dinosaurom","status":"publish","type":"product","link":"https:\/\/singuli.wpress.me\/index.php\/proizvod\/tomy-igracka-jurassic-guralica-s-dinosaurom\/","title":{"rendered":"TOMY, igra\u010dka, Jurassic guralica s dinosaurom"},"content":{"rendered":"<p>Ova vesela guralica uklju\u010duje 5 loptica u razli\u010ditim bojama koji opona\u0161aju izgled kamenja. <\/p>\n<p>Dva na\u010dina igre: gurajte Dinosaura i po putu pokupite rasute loptice u krug koji se vrti kako se guralica gura i skuplja loptice.<\/p>\n<p>Djeca \u0107e biti o\u010darana kako guralica magi\u010dno pokupi loptice kako prije\u0111e preko njih. Ukoliko dijete jo\u0161 nije stalo na svoje nogice ve\u0107 je jo\u0161 uvijek u fazi puzanja, vrte\u0107i krug na guralici se mo\u017ee odvojiti od same guralice i mo\u017ee biti igra\u010dka koja se kotrlja po podu i poti\u010de dijete na puzanje.<\/p>\n<p>Baterije nisu potrebne za rad. <\/p>\n<p>Dob: 12 mjeseci+<\/p>\n","protected":false},"excerpt":{"rendered":"<p>Guralica uklju\u010duje 5 loptica u razli\u010ditim bojama<br \/>\nDva na\u010dina igre<br \/>\nDob: 12 mjeseci+<\/p>\n","protected":false},"featured_media":0,"template":"","meta":{"_seopress_robots_primary_cat":"","_seopress_titles_title":"","_seopress_titles_desc":"","_seopress_robots_index":"","iawp_total_views":0},"product_brand":[487],"product_cat":[221,291],"product_tag":[],"class_list":{"0":"post-41934","1":"product","2":"type-product","3":"status-publish","5":"product_brand-tomy","6":"product_cat-igracke","7":"product_cat-igracke-za-djecu-221","9":"first","10":"instock","11":"shipping-taxable","12":"purchasable","13":"product-type-simple"},"_links":{"self":[{"href":"https:\/\/singuli.wpress.me\/index.php\/wp-json\/wp\/v2\/product\/41934","targetHints":{"allow":["GET"]}}],"collection":[{"href":"https:\/\/singuli.wpress.me\/index.php\/wp-json\/wp\/v2\/product"}],"about":[{"href":"https:\/\/singuli.wpress.me\/index.php\/wp-json\/wp\/v2\/types\/product"}],"version-history":[{"count":0,"href":"https:\/\/singuli.wpress.me\/index.php\/wp-json\/wp\/v2\/product\/41934\/revisions"}],"wp:attachment":[{"href":"https:\/\/singuli.wpress.me\/index.php\/wp-json\/wp\/v2\/media?parent=41934"}],"wp:term":[{"taxonomy":"product_brand","embeddable":true,"href":"https:\/\/singuli.wpress.me\/index.php\/wp-json\/wp\/v2\/product_brand?post=41934"},{"taxonomy":"product_cat","embeddable":true,"href":"https:\/\/singuli.wpress.me\/index.php\/wp-json\/wp\/v2\/product_cat?post=41934"},{"taxonomy":"product_tag","embeddable":true,"href":"https:\/\/singuli.wpress.me\/index.php\/wp-json\/wp\/v2\/product_tag?post=41934"}],"curies":[{"name":"wp","href":"https:\/\/api.w.org\/{rel}","templated":true}]}}